{"id":3178,"date":"2020-02-27T09:14:17","date_gmt":"2020-02-27T09:17:52","guid":{"rendered":"https:\/\/evotek.md\/?post_type=product&#038;p=3178"},"modified":"2023-04-25T07:38:55","modified_gmt":"2023-04-25T07:38:55","slug":"mixer-pentru-lactate-hkn-fr2gm","status":"publish","type":"product","link":"https:\/\/evotek.md\/ro\/produse\/echipamente-pentru-bar-si-cafea\/mixer-lactate\/mixer-pentru-lactate-hkn-fr2gm\/","title":{"rendered":"MIXER PENTRU LACTATE DUBLU (MILKSHAKER) -HKN-FR2GM"},"content":{"rendered":"<p><strong>MIXER PENTRU LACTATE DUBLU (MILKSHAKER) -HKN-FR2GM- <\/strong>Conceput pentru a face shake-uri, mousse-uri, cocktail-uri pe baz\u0103 de lapte, iaurt sau \u00eenghe\u021bat\u0103. Acest echipament este utilizat pe scar\u0103 larg\u0103 \u00een baruri, cafenele \u0219i alte unit\u0103\u021bi de alimenta\u021bie public\u0103. Materialul carcasei: aluminiu; Materialul cupei: inox; Dou\u0103 tura\u021bii ale motorului.<\/p>\n<p>Caracteristici:<\/p>\n<p>Num\u0103r de pahare: 2<br \/>\nVolumul unui pahar: 1 l<br \/>\nNum\u0103r de viteze: 2<br \/>\nViteza: 11000 rpm.<br \/>\nTensiune: 220V<br \/>\nPutere: 0,3 kW<br \/>\nParametri: 520x360x190 mm<br \/>\nGreutate: 6,5 kg<\/p>\n<p>&nbsp;<\/p>\n","protected":false},"excerpt":{"rendered":"<p>Mixer cu volumul unui pahar de 1 litru. Num\u0103r de pahare: 2; Num\u0103r de viteze: 2; Viteza: 11000 rpm; Tensiune: 220V; Putere: 0,3 kW; Parametri: 520x360x190 mm; Greutate: 6,5 kg.<\/p>\n","protected":false},"featured_media":3177,"template":"","meta":[],"_links":{"self":[{"href":"https:\/\/evotek.md\/ro\/wp-json\/wp\/v2\/product\/3178"}],"collection":[{"href":"https:\/\/evotek.md\/ro\/wp-json\/wp\/v2\/product"}],"about":[{"href":"https:\/\/evotek.md\/ro\/wp-json\/wp\/v2\/types\/product"}],"wp:featuredmedia":[{"embeddable":true,"href":"https:\/\/evotek.md\/ro\/wp-json\/wp\/v2\/media\/3177"}],"wp:attachment":[{"href":"https:\/\/evotek.md\/ro\/wp-json\/wp\/v2\/media?parent=3178"}],"curies":[{"name":"wp","href":"https:\/\/api.w.org\/{rel}","templated":true}]}}