{"id":31737,"date":"2022-06-27T14:58:04","date_gmt":"2022-06-27T14:58:04","guid":{"rendered":"https:\/\/evotek.md\/produse\/fara-categorie\/cuptor-pentru-pizza-cu-indicator-digital-de-temperatura-5-pizza-o-250-mm-emp-5\/"},"modified":"2022-07-14T07:31:35","modified_gmt":"2022-07-14T07:31:35","slug":"cuptor-pentru-pizza-cu-indicator-digital-de-temperatura-5-pizza-o-250-mm-emp-5","status":"publish","type":"product","link":"https:\/\/evotek.md\/ro\/produse\/echipamente-termice\/cuptoare-pentru-pizza-cuptoare\/cuptor-pentru-pizza-cu-indicator-digital-de-temperatura-5-pizza-o-250-mm-emp-5\/","title":{"rendered":"CUPTOR PENTRU PIZZA CU INDICATOR DIGITAL DE TEMPERATURA 4 pizza \u00d8300 mm -EMP.5"},"content":{"rendered":"<p><strong>CUPTOR PENTRU PIZZA CU INDICATOR DIGITAL DE TEMPERATURA 4 pizza \u00d8 300 mm -EMP.5-<\/strong> Cuptorul electric pentru pizza cu o singura camera cu comanda electromecanica are panou frontal din inox, carcasa din otel vopsit. Temperatura din interiorul camerei este controlat\u0103 de un indicator digital de pe panoul frontal al cuptorului; &#8211; fundul cuptorului este c\u0103ptu\u0219it cu pl\u0103ci ceramice speciale care men\u021bin o temperatur\u0103 ridicat\u0103 \u00een camer\u0103 pentru o perioad\u0103 lung\u0103 de timp, sunt \u00eendep\u0103rtate \u0219i cur\u0103\u021bate convenabil; &#8211; iluminarea interioara va permite sa controlati procesul de coacere fara a deschide cuptorul; &#8211; control manual cu manere confortabile si indicatoare luminoase de avertizare cu control separat al incalzitoarelor superioare si inferioare.<\/p>\n<p>Caracteristici<br \/>\nDimensiuni: 890x810x435<br \/>\nDimensiuni interioare: 620x620x174 mm<br \/>\nGreutate: 70 kg<br \/>\nPutere: 5.7 kw \/ 3 faze \/ 380V<br \/>\nCapacitate pizza: 4 bucati \u00d8 300 mm<br \/>\nIndicator digital al temperaturii interioare<br \/>\nPuterea de \u00eenc\u0103lzire sus \u0219i jos reglabil\u0103<br \/>\nTalp\u0103 refractar\u0103 la copt<\/p>\n","protected":false},"excerpt":{"rendered":"<p>Cuptor pentru pizza cu indicator digital de temperatur\u0103. Dimensiuni: 890x810x435; Dimensiuni interioare: 620x620x174 mm; Greutate:70 kg; Putere: 5.7kw \/ 3 faze \/ 380V; Capacitate pizza: 4 bucati \u00d8 300 mm; Indicator digital al temperaturii interioare; Puterea de \u00eenc\u0103lzire sus \u0219i jos reglabil\u0103; Talp\u0103 refractar\u0103 la copt.<\/p>\n","protected":false},"featured_media":31736,"template":"","meta":[],"_links":{"self":[{"href":"https:\/\/evotek.md\/ro\/wp-json\/wp\/v2\/product\/31737"}],"collection":[{"href":"https:\/\/evotek.md\/ro\/wp-json\/wp\/v2\/product"}],"about":[{"href":"https:\/\/evotek.md\/ro\/wp-json\/wp\/v2\/types\/product"}],"wp:featuredmedia":[{"embeddable":true,"href":"https:\/\/evotek.md\/ro\/wp-json\/wp\/v2\/media\/31736"}],"wp:attachment":[{"href":"https:\/\/evotek.md\/ro\/wp-json\/wp\/v2\/media?parent=31737"}],"curies":[{"name":"wp","href":"https:\/\/api.w.org\/{rel}","templated":true}]}}