{"id":3173,"date":"2020-02-27T08:47:54","date_gmt":"2020-02-27T08:49:10","guid":{"rendered":"https:\/\/evotek.md\/?post_type=product&#038;p=3173"},"modified":"2023-03-09T08:40:26","modified_gmt":"2023-03-09T08:40:26","slug":"masina-de-umplut-carnati-hkn-isv5","status":"publish","type":"product","link":"https:\/\/evotek.md\/ro\/produse\/echipamente-electromecanice\/masina-de-umplut-carnati\/masina-de-umplut-carnati-hkn-isv5\/","title":{"rendered":"MASINA DE UMPLUT CARNATI, MANUALA, 5 LITRI (vertical) -HKN-ISV5"},"content":{"rendered":"<p><strong>MASINA DE UMPLUT CARNATI, MANUALA, 5 LITRI (vertical) -HKN-ISV5-<\/strong> Este destinat form\u0103rii c\u00e2rna\u021bilor folosind carne tocat\u0103 preparat\u0103. Toate elementele de baz\u0103 sunt fabricate din inox de \u00eenalt\u0103 calitate. Capacitatea recipientului pentru carne tocat\u0103, de asemenea din inox, este de 5 litri. Datorit\u0103 sistemului unic de extrudare, pistonul revine rapid la pozi\u021bia ini\u021bial\u0103, ceea ce gr\u0103be\u0219te foarte mult procesul de umplere a seringii. 2 viteze de piston. Include 4 duze cu diametre: 38, 25, 19 \u0219i 15 mm. Ideal pentru a fi utilizat \u00een buc\u0103t\u0103riile casnice sau profesionale ale hotelurilor, restaurantelor \u0219i cantinelor.<\/p>\n<p>Caracteristici<\/p>\n<p>Brand Hurakan<\/p>\n<p>Parametri: 305x670x330 mm<\/p>\n<p>Greutate net\u0103: 12 kg<\/p>\n<p>&nbsp;<\/p>\n","protected":false},"excerpt":{"rendered":"<p>Ma\u0219in\u0103 de umplut c\u00e2rna\u021bi cu capacitatea recipientului pentru carne tocat\u0103 de 5 litri . Modelul are dimensiuni de 305x670x330 mm. Greutate &#8211; 12 kg.<\/p>\n","protected":false},"featured_media":3172,"template":"","meta":[],"_links":{"self":[{"href":"https:\/\/evotek.md\/ro\/wp-json\/wp\/v2\/product\/3173"}],"collection":[{"href":"https:\/\/evotek.md\/ro\/wp-json\/wp\/v2\/product"}],"about":[{"href":"https:\/\/evotek.md\/ro\/wp-json\/wp\/v2\/types\/product"}],"wp:featuredmedia":[{"embeddable":true,"href":"https:\/\/evotek.md\/ro\/wp-json\/wp\/v2\/media\/3172"}],"wp:attachment":[{"href":"https:\/\/evotek.md\/ro\/wp-json\/wp\/v2\/media?parent=3173"}],"curies":[{"name":"wp","href":"https:\/\/api.w.org\/{rel}","templated":true}]}}