{"id":31683,"date":"2022-06-27T07:57:52","date_gmt":"2022-06-27T07:57:52","guid":{"rendered":"https:\/\/evotek.md\/produse\/fara-categorie\/masina-de-produs-gheata-50-kg-zi-mec-kp-50-25a\/"},"modified":"2022-06-27T12:16:10","modified_gmt":"2022-06-27T12:16:10","slug":"masina-de-produs-gheata-50-kg-zi-mec-kp-50-25a","status":"publish","type":"product","link":"https:\/\/evotek.md\/ro\/produse\/echipamente-frigorifice\/masina-de-produs-gheata\/masina-de-produs-gheata-50-kg-zi-mec-kp-50-25a\/","title":{"rendered":"MASINA DE PRODUS GHEATA 50 kg\/zi &#8211; MEC- KP50\/25-A"},"content":{"rendered":"<p><strong>MASINA DE PRODUS GHEATA 50 kg\/zi &#8211; MEC- KP50\/25-A &#8211;<\/strong> Ma\u0219ina de produs ghea\u021b\u0103 este conceput\u0103 pentru a produce cuburi de ghea\u021b\u0103 de \u00eenalt\u0103 densitate \u0219i limpede, care sunt utilizate pe scar\u0103 larg\u0103 pentru r\u0103cirea pe termen lung a b\u0103uturilor \u00een unit\u0103\u021bile de catering \u0219i comer\u021b. Modelul este echipat cu control electronic. Corpul este realizat din otel inoxidabil. Func\u021bionarea \u00eentregului dispozitiv este asigurat\u0103 de func\u021bionarea sistemului de injec\u021bie \u0219i a unui evaporator orizontal, care este un trunchi de con de cupru orientat \u00een jos. Apa furnizat\u0103 sub presiune de o pomp\u0103 \u00eencorporat\u0103 este pulverizat\u0103 prin duze pe evaporator. \u00cen interiorul matri\u021belor se formeaz\u0103 ghea\u021b\u0103, care cade din ele sub influen\u021ba \u00eenc\u0103lzirii pe termen scurt.<\/p>\n<p>Caracteristici<br \/>\nTip de ghea\u021b\u0103: cub de ghea\u021b\u0103<br \/>\nProductivitate: 50 kg\/zi<br \/>\nDepozitare ghea\u021b\u0103: cu bunc\u0103r<br \/>\nCapacitate bunc\u0103r: 25 kg<br \/>\nR\u0103cire: aer<br \/>\nTensiune: 220V<br \/>\nLatime: 500 mm<br \/>\nAd\u00e2ncime: 585 mm<br \/>\nInaltime: 795 mm<br \/>\nGreutate: 55 kg<br \/>\nProductivitate: 2941 buc\/zi<br \/>\nClasa de performanta climatica: tropicala<br \/>\nTemperatura ambientala maxima: 43 \u00b0C<br \/>\nTemperatura maxima a apei: 35 \u00b0C<br \/>\nDimensiune cub: 30&#215;33 mm<br \/>\nMasa cubului de ghea\u021b\u0103: 18 g<br \/>\nPutere: 0,8 kW<\/p>\n","protected":false},"excerpt":{"rendered":"<p>Ma\u0219in\u0103 de produs ghea\u021b\u0103 cu <span style=\"font-size: 14.4px\">productivitatea de 50 kg\/zi. <\/span><span style=\"font-size: 14.4px\"> Tip de ghea\u021b\u0103: cub; <\/span><span style=\"font-size: 14.4px\">Depozitare ghea\u021b\u0103: cu bunc\u0103r; <\/span><span style=\"font-size: 14.4px\">Capacitate bunc\u0103r: 25 kg; <\/span><span style=\"font-size: 14.4px\">R\u0103cire: aer; <\/span><span style=\"font-size: 14.4px\">Tensiune: 220V; <\/span><span style=\"font-size: 14.4px\">Latime: 500 mm; <\/span><span style=\"font-size: 14.4px\">Ad\u00e2ncime: 585 mm; <\/span><span style=\"font-size: 14.4px\">Inaltime: 795 mm;<\/span><span style=\"font-size: 14.4px\">Greutate: 55 kg; <\/span><span style=\"font-size: 14.4px\">Productivitate: 2941 buc\/zi; <\/span><span style=\"font-size: 14.4px\">Clasa de performanta climatica: tropicala; <\/span><span style=\"font-size: 14.4px\">Temperatura ambientala maxima: 43 \u00b0C; <\/span><span style=\"font-size: 14.4px\">Temperatura maxima a apei: 35 \u00b0C; <\/span><span style=\"font-size: 14.4px\">Dimensiune cub: 30&#215;33 mm; <\/span><span style=\"font-size: 14.4px\">Masa cubului de ghea\u021b\u0103: 18 g; <\/span><span style=\"font-size: 14.4px\">Putere: 0,8 kW.<\/span><\/p>\n","protected":false},"featured_media":31681,"template":"","meta":[],"_links":{"self":[{"href":"https:\/\/evotek.md\/ro\/wp-json\/wp\/v2\/product\/31683"}],"collection":[{"href":"https:\/\/evotek.md\/ro\/wp-json\/wp\/v2\/product"}],"about":[{"href":"https:\/\/evotek.md\/ro\/wp-json\/wp\/v2\/types\/product"}],"wp:featuredmedia":[{"embeddable":true,"href":"https:\/\/evotek.md\/ro\/wp-json\/wp\/v2\/media\/31681"}],"wp:attachment":[{"href":"https:\/\/evotek.md\/ro\/wp-json\/wp\/v2\/media?parent=31683"}],"curies":[{"name":"wp","href":"https:\/\/api.w.org\/{rel}","templated":true}]}}