{"id":3166,"date":"2020-02-27T08:28:44","date_gmt":"2020-02-27T08:29:54","guid":{"rendered":"https:\/\/evotek.md\/?post_type=product&#038;p=3166"},"modified":"2024-09-27T07:51:50","modified_gmt":"2024-09-27T07:51:50","slug":"masina-de-umplut-carnati-hkn-isv10","status":"publish","type":"product","link":"https:\/\/evotek.md\/ro\/produse\/echipamente-electromecanice\/masina-de-umplut-carnati\/masina-de-umplut-carnati-hkn-isv10\/","title":{"rendered":"MASINA DE UMPLUT CARNATI, MANUALA, 10 LITRI (vertical) -HKN-ISV10"},"content":{"rendered":"<p><strong>MASINA DE UMPLUT CARNATI, MANUALA, 10 LITRI (vertical) -HKN-ISV10-<\/strong> \u00a0Ideal pentru utilizarea casnic\u0103, c\u00e2t \u0219i \u00een magazine, hoteluri, restaurante, cantine. Toate elementele structurale de baz\u0103 a recipientului de umplut c\u00e2rna\u021bi sunt fabricate din inox de calitate alimentar\u0103 de \u00eenalt\u0103 calitate. Un sistem unic de extrudare v\u0103 permite s\u0103 returna\u021bi rapid pistonul \u00een pozi\u021bia ini\u021bial\u0103, ceea ce gr\u0103be\u0219te foarte mult procesul de umplere a recipientului. Exist\u0103 2 viteze de piston pentru o extrudare mai puternic\u0103 \u0219i o \u00eentoarcere mai rapid\u0103. Materialul carcasei- o\u021bel inoxidabil; 2 viteze ale cursei pistonului; Include 4 duze din inox (diametru: 38; 25; 19; 15 mm).<\/p>\n<p>Caracteristici<br \/>\nTipul: Mecanic<br \/>\nVolum: 10 litri<br \/>\nTip constructie: Vertical<br \/>\nTip de instalare: de masa<br \/>\nLungime: 670 mm<br \/>\nL\u0103\u0163ime: 450 mm<br \/>\n\u00cen\u0103l\u0163ime: 350 mm<br \/>\nGreutate net\u0103: 20 kg<br \/>\nGreutate brut\u0103: 21,4 kg<br \/>\nInclude 4 duze din inox (\u00d8 38, 32, 22, 16 mm)<\/p>\n<p>&nbsp;<\/p>\n","protected":false},"excerpt":{"rendered":"<p>Ma\u0219in\u0103 de umplut c\u00e2rna\u021bi. Tipul: Mecanic; Volum: 10 litri; Tip constructie: Vertical; Tip de instalare: de masa; Lungime: 670 mm; L\u0103\u0163ime: 450 mm; \u00cen\u0103l\u0163ime: 350 mm; Greutate net\u0103: 20 kg; Greutate brut\u0103: 21,4 kg; Include 4 duze din inox (\u00d8 38, 32, 22, 16 mm).<\/p>\n","protected":false},"featured_media":3165,"template":"","meta":[],"_links":{"self":[{"href":"https:\/\/evotek.md\/ro\/wp-json\/wp\/v2\/product\/3166"}],"collection":[{"href":"https:\/\/evotek.md\/ro\/wp-json\/wp\/v2\/product"}],"about":[{"href":"https:\/\/evotek.md\/ro\/wp-json\/wp\/v2\/types\/product"}],"wp:featuredmedia":[{"embeddable":true,"href":"https:\/\/evotek.md\/ro\/wp-json\/wp\/v2\/media\/3165"}],"wp:attachment":[{"href":"https:\/\/evotek.md\/ro\/wp-json\/wp\/v2\/media?parent=3166"}],"curies":[{"name":"wp","href":"https:\/\/api.w.org\/{rel}","templated":true}]}}