{"id":31472,"date":"2022-06-20T14:50:09","date_gmt":"2022-06-20T14:50:09","guid":{"rendered":"https:\/\/evotek.md\/produse\/fara-categorie\/cuptor-pe-gaz-conveyor-moretti-forni-t75g\/"},"modified":"2025-09-02T12:56:37","modified_gmt":"2025-09-02T12:56:37","slug":"cuptor-pe-gaz-conveyor-moretti-forni-t75g","status":"publish","type":"product","link":"https:\/\/evotek.md\/ro\/produse\/echipamente-termice\/cuptoare-tunel-conveyor\/cuptor-pe-gaz-conveyor-moretti-forni-t75g\/","title":{"rendered":"CUPTOR CONVEYOR PENTRU PIZZA PE GAZ Moretti Forni -T75G"},"content":{"rendered":"<p><strong>CUPTOR CONVEYOR PENTRU PIZZA PE GAZ Moretti Forni -T75G-<\/strong> U\u0219urin\u021b\u0103 excep\u021bional\u0103 \u00een utilizare, rezultate garantate: cu cuptoarele electrice tunel din seria Conveyor, g\u0103titul nu mai este o problem\u0103. Este posibil de setat timpul \u0219i 2 temperaturi \u00een sus \u0219i \u00een jos: cuptorul face restul datorit\u0103 controlului dublu exclusiv al c\u0103ldurii din interiorul camerei de g\u0103tit. Func\u021bionarea economic\u0103 este una dintre principalele caracteristici care garanteaz\u0103 rezultate \u0219i mai uimitoare \u00een versiunile pe gaz.<\/p>\n<p>Caracteristici<br \/>\nCapacitate: aproximativ 48 pizza \u00d8330 mm &#8211; 12&#8243; pizza pe or\u0103 \/ aproximativ 25 pizza \u00d8450 mm, 18&#8243; pizza pe or\u0103<br \/>\nDimensiuni exterioare (LxPxA): 1780x1353x1158 mm<br \/>\nDimensiuni interioare (LxPxA): 910x500x80 mm<br \/>\nLatime centura: 500 mm<br \/>\nSuprafata totala de coacere: 0,4 metri patrati<\/p>\n<p>&nbsp;<\/p>\n<p>L\u0103\u021bime band\u0103: 510 mm<br \/>\nZon\u0103 de coacere: 740 mm<br \/>\nProduc\u021bie: 48 x 30 cm pizza \/ or\u0103 (estimat\u0103)<br \/>\nDimensiuni: 1770 mm x 1302 mm x 1160 mm (l x l x \u00ce)<br \/>\nAlimentare: Gaz (64.800 BTU) Furtun de gaz 3\/4 necesar<br \/>\nGaran\u021bie: 1 an Piese \u0219i manoper\u0103<\/p>\n","protected":false},"excerpt":{"rendered":"<p>Cuptor conveyor pe gaz. Capacitate: aproximativ 48 pizza \u00d8330 mm &#8211; 12&#8243; pizza pe or\u0103 \/ aproximativ 25 pizza \u00d8450 mm, 18&#8243; pizza pe or\u0103; Dimensiuni exterioare (LxPxA): 1780x1353x1158 mm; Dimensiuni interioare (LxPxA): 910x500x80 mm; Latime centura: 500 mm; Suprafata totala de coacere: 0,4 metri patrati.<\/p>\n","protected":false},"featured_media":31471,"template":"","meta":[],"_links":{"self":[{"href":"https:\/\/evotek.md\/ro\/wp-json\/wp\/v2\/product\/31472"}],"collection":[{"href":"https:\/\/evotek.md\/ro\/wp-json\/wp\/v2\/product"}],"about":[{"href":"https:\/\/evotek.md\/ro\/wp-json\/wp\/v2\/types\/product"}],"wp:featuredmedia":[{"embeddable":true,"href":"https:\/\/evotek.md\/ro\/wp-json\/wp\/v2\/media\/31471"}],"wp:attachment":[{"href":"https:\/\/evotek.md\/ro\/wp-json\/wp\/v2\/media?parent=31472"}],"curies":[{"name":"wp","href":"https:\/\/api.w.org\/{rel}","templated":true}]}}