{"id":3147,"date":"2020-02-27T08:06:02","date_gmt":"2020-02-27T08:08:55","guid":{"rendered":"https:\/\/evotek.md\/?post_type=product&#038;p=3147"},"modified":"2022-12-20T14:18:43","modified_gmt":"2022-12-20T14:18:43","slug":"m-1b-3-1600-clasic","status":"publish","type":"product","link":"https:\/\/evotek.md\/ro\/produse\/linii-de-distributie\/linie-deservire-classic\/m-1b-3-1600-clasic\/","title":{"rendered":"MARMIT PENTRU BUCATE -KIY-V M 1B-3-1600 Clasic"},"content":{"rendered":"<p>Marmit pentru \u00eenc\u0103lzirea felului \u00eent\u00e2i de bucate 1B-3 Classic este folosit pentru mentinerea cald\u0103 a bucatelor preparate.<\/p>\n<p>Acest model se produce cu arz\u0103toare in form\u0103 dreptunghiular\u0103.<\/p>\n<p>Suprafa\u021ba de inc\u0103lzire \u0219i forma acestora v\u0103 permite s\u0103 folosi\u021bi vesel\u0103 cu un diametru si volum mare.<\/p>\n<p>Este posibil\u0103 completarea cu sticl\u0103 fa\u021b\u0103.<\/p>\n<p>Tip de echipament:\u00a0 Marmit pentru felul \u00eent\u00e2i<\/p>\n<p>Tensiune: 380 V.<\/p>\n<p>Putere: 9 kW.<\/p>\n<p>Num\u0103rul de arz\u0103toare: 3 buc.<\/p>\n<p>Dimensiunea arz\u0103torului: 294x415mm.<\/p>\n<p>Dimensiuni: 1600\u0445700\u04451290 mm<\/p>\n","protected":false},"excerpt":{"rendered":"<p>Linie de deservire Classic. Marmit pentru felul \u00eent\u00e2i de m\u00e2ncare cu trei arz\u0103toare forma dreptunghiular\u0103 294x415mm. Tensiune: 380 V. Putere: 9 kW.<\/p>\n","protected":false},"featured_media":3146,"template":"","meta":[],"_links":{"self":[{"href":"https:\/\/evotek.md\/ro\/wp-json\/wp\/v2\/product\/3147"}],"collection":[{"href":"https:\/\/evotek.md\/ro\/wp-json\/wp\/v2\/product"}],"about":[{"href":"https:\/\/evotek.md\/ro\/wp-json\/wp\/v2\/types\/product"}],"wp:featuredmedia":[{"embeddable":true,"href":"https:\/\/evotek.md\/ro\/wp-json\/wp\/v2\/media\/3146"}],"wp:attachment":[{"href":"https:\/\/evotek.md\/ro\/wp-json\/wp\/v2\/media?parent=3147"}],"curies":[{"name":"wp","href":"https:\/\/api.w.org\/{rel}","templated":true}]}}