{"id":31460,"date":"2022-06-20T13:46:50","date_gmt":"2022-06-20T13:46:50","guid":{"rendered":"https:\/\/evotek.md\/produse\/fara-categorie\/cuptor-conveyor-de-masa-pe-gaz-moretti-forni-t64g\/"},"modified":"2022-06-20T13:46:50","modified_gmt":"2022-06-20T13:46:50","slug":"cuptor-conveyor-de-masa-pe-gaz-moretti-forni-t64g","status":"publish","type":"product","link":"https:\/\/evotek.md\/ro\/produse\/echipamente-termice\/cuptoare-tunel-conveyor\/cuptor-conveyor-de-masa-pe-gaz-moretti-forni-t64g\/","title":{"rendered":"CUPTOR\u00a0CONVEYOR\u00a0DE MAS\u0102 PE GAZ Moretti Forni -T64G"},"content":{"rendered":"<p><strong>CUPTOR\u00a0<span style=\"font-size: 14.4px\">CONVEYOR<\/span><span style=\"font-size: 14.4px\">\u00a0<\/span><\/strong><span style=\"font-size: 14.4px\"><strong>DE MAS\u0102 PE GAZ Moretti Forni -T64G-<\/strong> Cuptorul conveyor este ultramodern care combin\u0103 cel mai bun proces de coacere, consumul de energie \u0219i spa\u021biu redus, ceea ce este foarte util \u00een spa\u021biile mici de lucru. T64G introduce noi solu\u021bii precum modul standby \u0219i centura inteligent\u0103, care permit coacerea intermitent\u0103 sau cu trecere dubl\u0103, utile \u00een special \u00een zonele mici. Cuptorul este echipat cu acelea\u0219i caracteristici inovatoare \u00eent\u00e2lnite la cuptoare mai mari, cum ar fi tehnologia Adaptive Power care elimin\u0103 c\u0103ldura doar acolo unde este nevoie, tehnologia Dual-Temp pentru a seta temperaturi diferite \u00eentre partea de sus \u0219i de jos \u0219i tehnologia Cool Around pentru controlul extern al temperaturii \u0219i siguran\u021ba operatorului.<\/span><\/p>\n<p><strong>Caracteristici<\/strong><br \/>\nCapacitate: Aproximativ 25 330 mm (12&#8243;) pizza pe or\u0103<br \/>\nDimensiuni exterioare: 1234 mm L x 897 mm D x 510 mm H<br \/>\nDimensiunile camerei: 510 mm l x 406 mm D x 80 mm H<br \/>\nL\u0103\u021bimea curelei: 406 mm<br \/>\nSuprafata totala de coacere: 0,2 mp<br \/>\nPutere: 230 V \/ 1 faza \/ 50-60 Hz \/ 0,2 kW<\/p>\n","protected":false},"excerpt":{"rendered":"<p>Cuptor conveyor de mas\u0103\u00a0 pe gaz. Capacitate: Aproximativ 25 330 mm (12&#8243;) pizza pe or\u0103; Dimensiuni exterioare: 1234 mm L x 897 mm D x 510 mm H; Dimensiunile camerei: 510 mm l x 406 mm D x 80 mm H; L\u0103\u021bimea curelei: 406 mm; Suprafata totala de coacere: 0,2 mp; Putere: 230 V \/ 1 faza \/ 50-60 Hz \/ 0,2 kW.<\/p>\n","protected":false},"featured_media":31474,"template":"","meta":[],"_links":{"self":[{"href":"https:\/\/evotek.md\/ro\/wp-json\/wp\/v2\/product\/31460"}],"collection":[{"href":"https:\/\/evotek.md\/ro\/wp-json\/wp\/v2\/product"}],"about":[{"href":"https:\/\/evotek.md\/ro\/wp-json\/wp\/v2\/types\/product"}],"wp:featuredmedia":[{"embeddable":true,"href":"https:\/\/evotek.md\/ro\/wp-json\/wp\/v2\/media\/31474"}],"wp:attachment":[{"href":"https:\/\/evotek.md\/ro\/wp-json\/wp\/v2\/media?parent=31460"}],"curies":[{"name":"wp","href":"https:\/\/api.w.org\/{rel}","templated":true}]}}