{"id":31455,"date":"2022-06-20T13:20:42","date_gmt":"2022-06-20T13:20:42","guid":{"rendered":"https:\/\/evotek.md\/produse\/fara-categorie\/cuptor-pentru-pizza-conveyor-moretti-forni-t64e\/"},"modified":"2022-06-20T15:09:00","modified_gmt":"2022-06-20T15:09:00","slug":"cuptor-pentru-pizza-conveyor-moretti-forni-t64e","status":"publish","type":"product","link":"https:\/\/evotek.md\/ro\/produse\/echipamente-termice\/cuptoare-tunel-conveyor\/cuptor-pentru-pizza-conveyor-moretti-forni-t64e\/","title":{"rendered":"CUPTOR CONVEYOR PENTRU PIZZA DE MASA Moretti Forni -T64E"},"content":{"rendered":"<p><strong>CUPTOR CONVEYOR PENTRU PIZZA DE MASA Moretti Forni -T64E<\/strong>&#8211; Cuptor electric pentru pizza de tip conveyor cu panou de comanda electronic. Finisaj exterior si interior &#8211; inox, completat cu baza inchisa pe roti. Este folosit pentru a g\u0103ti nu numai pizza, ci \u0219i carne, paste, legume etc. Complet cu suport din o\u021bel inoxidabil pe ro\u021bi. Seria T sunt cuptoare cu energie redus\u0103: economii de energie de 30% datorit\u0103 tehnologiei sofisticate \u0219i izola\u021biei inovatoare care reduce r\u0103sp\u00e2ndirea energiei.<\/p>\n<p><strong>Tehnologii \u0219i caracteristici:<\/strong><br \/>\n*Dual Temp: control independent al p\u0103r\u021bii inferioare \u0219i superioare a cuptorului cu selectarea temperaturilor optime pentru fiecare zon\u0103 de \u00eenc\u0103lzire.<br \/>\n*Adaptive Power: control propor\u021bional al puterii, \u00een func\u021bie de cantitatea de produs \u00eenc\u0103rcat, pentru un rezultat eficient de g\u0103tit \u0219i un consum mai mic de energie.<br \/>\n*Cool-Around: suprafe\u021bele exterioare ale cuptorului nu se \u00eenc\u0103lzesc din cauza ventila\u021biei \u0219i a fluxurilor de aer de r\u0103cire de-a lungul pere\u021bilor camerei.<br \/>\n*Best-Flow: un ecran special care previne refluxul aerului din cuptor.<br \/>\n*Remote-Master: control de la distan\u021b\u0103 \u0219i monitorizare a echipamentelor.<\/p>\n<p><strong>Caracteristici<\/strong><br \/>\nPutere: 380V\/6.9KW<br \/>\nTemperatura maxima: 320 C<br \/>\nProductivitate: 25 pizza (diametru 33 cm)<br \/>\nCapacitate: 6 pizza<br \/>\nDimensiuni exterioare (LxPxH): 800x1234x480 mm<br \/>\nGreutate: 96 kg<br \/>\nInterval de temperatur\u0103: +50..+320 \u00b0\u0421<br \/>\nViteza benzii transportoare: 30 secunde &#8211; 20 minute<br \/>\nProductivitate: 25 pizza pe ora, diametru 33 cm<br \/>\nTara de productie: Italia<\/p>\n","protected":false},"excerpt":{"rendered":"<p>Cuptor pentru pizza Moretti Forni. Putere: 380V\/6.9KW; Temperatura maxima: 320 C; Productivitate: 25 pizza (diametru 33 cm); Capacitate: 6 pizza; Dimensiuni exterioare (LxPxH): 800x1234x480 mm; Greutate: 96 kg; Interval de temperatur\u0103: +50..+320 \u00b0\u0421; Viteza benzii transportoare: 30 secunde &#8211; 20 minute; Productivitate: 25 pizza pe ora, diametru 33 cm; Tara de productie: Italia.<\/p>\n","protected":false},"featured_media":31476,"template":"","meta":[],"_links":{"self":[{"href":"https:\/\/evotek.md\/ro\/wp-json\/wp\/v2\/product\/31455"}],"collection":[{"href":"https:\/\/evotek.md\/ro\/wp-json\/wp\/v2\/product"}],"about":[{"href":"https:\/\/evotek.md\/ro\/wp-json\/wp\/v2\/types\/product"}],"wp:featuredmedia":[{"embeddable":true,"href":"https:\/\/evotek.md\/ro\/wp-json\/wp\/v2\/media\/31476"}],"wp:attachment":[{"href":"https:\/\/evotek.md\/ro\/wp-json\/wp\/v2\/media?parent=31455"}],"curies":[{"name":"wp","href":"https:\/\/api.w.org\/{rel}","templated":true}]}}