{"id":3143,"date":"2020-02-27T08:03:56","date_gmt":"2020-02-27T08:05:38","guid":{"rendered":"https:\/\/evotek.md\/?post_type=product&#038;p=3143"},"modified":"2023-03-09T08:27:56","modified_gmt":"2023-03-09T08:27:56","slug":"masina-de-umplut-carnati-hkn-ish3","status":"publish","type":"product","link":"https:\/\/evotek.md\/ro\/produse\/echipamente-electromecanice\/masina-de-umplut-carnati\/masina-de-umplut-carnati-hkn-ish3\/","title":{"rendered":"MASINA DE UMPLUT CARNATI, MANUALA, 3 LITRI (orizontal) -HKN-ISH3"},"content":{"rendered":"<p><strong>MASINA DE UMPLUT CARNATI, MANUALA, 3 LITRI (orizontal) -HKN-ISH3-<\/strong> Este destinat form\u0103rii c\u00e2rna\u021bilor folosind carne tocat\u0103 preparat\u0103. Toate elementele de baz\u0103 sunt fabricate din inox de \u00eenalt\u0103 calitate. Capacitatea recipientului pentru carne tocat\u0103, de asemenea, din o\u021bel inoxidabil, este de 3 litri. Aparatul include 4 duze din inox cu diametre: 38, 32, 22 \u0219i 16 mm. Control manual, orizontal. Ideal pentru a fi utilizat \u00een buc\u0103t\u0103riile casnice sau profesionale ale hotelurilor, restaurantelor \u0219i cantinelor.<\/p>\n<p>Caracteristici<\/p>\n<p>Brand Hurakan<\/p>\n<p>Parametri: 160x380x183 \u00a0mm<\/p>\n<p>Greutate net\u0103: 9 kg<\/p>\n<p>&nbsp;<\/p>\n","protected":false},"excerpt":{"rendered":"<p>Ma\u0219in\u0103 de umplut c\u00e2rna\u021bi, cu capacitatea recipientului pentru carne tocat\u0103 de 3 litri. Modelul are dimensiuni de 160x380x183 mm. Greutate &#8211; 9 kg.<\/p>\n","protected":false},"featured_media":3142,"template":"","meta":[],"_links":{"self":[{"href":"https:\/\/evotek.md\/ro\/wp-json\/wp\/v2\/product\/3143"}],"collection":[{"href":"https:\/\/evotek.md\/ro\/wp-json\/wp\/v2\/product"}],"about":[{"href":"https:\/\/evotek.md\/ro\/wp-json\/wp\/v2\/types\/product"}],"wp:featuredmedia":[{"embeddable":true,"href":"https:\/\/evotek.md\/ro\/wp-json\/wp\/v2\/media\/3142"}],"wp:attachment":[{"href":"https:\/\/evotek.md\/ro\/wp-json\/wp\/v2\/media?parent=3143"}],"curies":[{"name":"wp","href":"https:\/\/api.w.org\/{rel}","templated":true}]}}