{"id":31421,"date":"2022-06-15T11:28:23","date_gmt":"2022-06-15T11:28:23","guid":{"rendered":"https:\/\/evotek.md\/produse\/fara-categorie\/banda-magnetica-pentru-cutite-406-mm-st-249448\/"},"modified":"2022-06-15T11:28:23","modified_gmt":"2022-06-15T11:28:23","slug":"banda-magnetica-pentru-cutite-406-mm-st-249448","status":"publish","type":"product","link":"https:\/\/evotek.md\/ro\/produse\/accesorii-si-inventar-bucatarie\/suport-magnetic-pentru-cutite\/banda-magnetica-pentru-cutite-406-mm-st-249448\/","title":{"rendered":"BANDA MAGNETICA PENTRU CUTITE 406 mm ST-249448"},"content":{"rendered":"<p><strong>BANDA MAGNETICA PENTRU CUTITE 406 mm ST-249448-<\/strong> Bara magnetica de 406 mm lungime ofera depozitarea comoda si sigura a cutitelor, precum si acces usor si rapid la acestea. Drept urmare, aceste ustensile de buc\u0103t\u0103rie esen\u021biale sunt mereu la \u00eendem\u00e2n\u0103. Banda este recomandat\u0103 \u00een primul r\u00e2nd pentru buc\u0103t\u0103riile deschise, deoarece \u00eembin\u0103 func\u021bionalitatea \u0219i designul modern. Astfel, accesoriul poate fi expus in fata clientilor, imbunatatind in acelasi timp munca in bucatarie.<\/p>\n<p>Caracteristici<br \/>\nMaterial de executie: otel inoxidabil<br \/>\nLungime: 406 mm<\/p>\n","protected":false},"excerpt":{"rendered":"<p>Band\u0103 magnetic\u0103 pentru cu\u021bite. Material de executie: otel inoxidabil; Lungime: 406 mm.<\/p>\n","protected":false},"featured_media":31420,"template":"","meta":[],"_links":{"self":[{"href":"https:\/\/evotek.md\/ro\/wp-json\/wp\/v2\/product\/31421"}],"collection":[{"href":"https:\/\/evotek.md\/ro\/wp-json\/wp\/v2\/product"}],"about":[{"href":"https:\/\/evotek.md\/ro\/wp-json\/wp\/v2\/types\/product"}],"wp:featuredmedia":[{"embeddable":true,"href":"https:\/\/evotek.md\/ro\/wp-json\/wp\/v2\/media\/31420"}],"wp:attachment":[{"href":"https:\/\/evotek.md\/ro\/wp-json\/wp\/v2\/media?parent=31421"}],"curies":[{"name":"wp","href":"https:\/\/api.w.org\/{rel}","templated":true}]}}