{"id":31404,"date":"2022-06-15T09:04:07","date_gmt":"2022-06-15T09:04:07","guid":{"rendered":"https:\/\/evotek.md\/produse\/fara-categorie\/31404\/"},"modified":"2023-02-24T11:42:45","modified_gmt":"2023-02-24T11:42:45","slug":"st-506103","status":"publish","type":"product","link":"https:\/\/evotek.md\/ro\/produse\/accesorii-si-inventar-bucatarie\/cani-gradate\/st-506103\/","title":{"rendered":"CANA GRADATA DIN POLIPROPILENA, 1 LITRU -ST-506103"},"content":{"rendered":"<p><span style=\"font-size: 14.4px\"><strong>CANA GRADATA DIN POLIPROPILENA, 1 LITRU -ST-506103-<\/strong> O cea\u0219c\u0103 de m\u0103surat \u00een form\u0103 de ulcior este indispensabil\u0103 \u00een orice buc\u0103t\u0103rie, at\u00e2t profesional\u0103, c\u00e2t \u0219i acas\u0103. Ofer\u0103 m\u0103surarea precis\u0103 a diferitelor tipuri de produse. <\/span>Vasul este fabricat din polipropilen\u0103. Acest material este foarte rezistent la deterior\u0103ri mecanice, u\u0219or de p\u0103strat curat \u0219i potrivit pentru contactul direct cu alimentele.<br \/>\nO scar\u0103 clar\u0103 face foarte u\u0219or de m\u0103surat cantitatea necesar\u0103 de produse.<\/p>\n<p>Caracteristici<br \/>\nMaterial de executie: polipropilena<br \/>\nCapacitate: 1 l<br \/>\nGreutate: 0,09 kg<\/p>\n","protected":false},"excerpt":{"rendered":"<p>Pahar dozator din polipropilen\u0103. Material de executie: polipropilena; Capacitate: 1 l; Greutate: 0,09 kg.<\/p>\n","protected":false},"featured_media":31403,"template":"","meta":[],"_links":{"self":[{"href":"https:\/\/evotek.md\/ro\/wp-json\/wp\/v2\/product\/31404"}],"collection":[{"href":"https:\/\/evotek.md\/ro\/wp-json\/wp\/v2\/product"}],"about":[{"href":"https:\/\/evotek.md\/ro\/wp-json\/wp\/v2\/types\/product"}],"wp:featuredmedia":[{"embeddable":true,"href":"https:\/\/evotek.md\/ro\/wp-json\/wp\/v2\/media\/31403"}],"wp:attachment":[{"href":"https:\/\/evotek.md\/ro\/wp-json\/wp\/v2\/media?parent=31404"}],"curies":[{"name":"wp","href":"https:\/\/api.w.org\/{rel}","templated":true}]}}