{"id":31399,"date":"2022-06-15T08:12:24","date_gmt":"2022-06-15T08:12:24","guid":{"rendered":"https:\/\/evotek.md\/produse\/fara-categorie\/lingura-de-servit-460-mm-st-311100\/"},"modified":"2022-06-15T08:12:24","modified_gmt":"2022-06-15T08:12:24","slug":"lingura-de-servit-460-mm-st-311100","status":"publish","type":"product","link":"https:\/\/evotek.md\/ro\/produse\/accesorii-si-inventar-bucatarie\/inventar-pentru-servire-bucate\/lingura-de-servit-460-mm-st-311100\/","title":{"rendered":"LINGUR\u0102 DE SERVIT 460 mm ST-311100"},"content":{"rendered":"<p><strong>LINGUR\u0102 DE SERVIT 460 mm ST-311100<\/strong>&#8211; Fiecare buc\u0103t\u0103rie este dotat\u0103 nu doar cu aparate profesionale, ci \u0219i cu ustensile mai mici, f\u0103r\u0103 de care munca buc\u0103tarului ar fi mai dificil\u0103 sau chiar imposibil\u0103.<br \/>\nLingura de servire &#8211; monobloc este realizata dintr-o singura bucata de otel, ceea ce inseamna ca este lipsita de suduri si imbinari. Drept urmare, ofer\u0103 o durabilitate \u0219i o rezisten\u021b\u0103 mult mai mare la deteriorare, ceea ce \u00eenseamn\u0103 ani de utilizare fiabil\u0103.<br \/>\nO\u021belul inoxidabil este o garan\u021bie a rezisten\u021bei la diferite tipuri de defecte mecanice, cum ar fi lovituri, zg\u00e2rieturi \u0219i a\u0219chii. \u00cen plus, este u\u0219or de p\u0103strat curat, f\u0103c\u00e2ndu-l sigur pentru contactul cu alimentele \u0219i \u00eendepline\u0219te toate cerin\u021bele de Supraveghere Sanitar\u0103 \u0219i Epidemiologic\u0103.<br \/>\nM\u00e2nerul ergonomic \u00eenclinat v\u0103 permite s\u0103 at\u00e2rna\u021bi g\u0103leata \u0219i s\u0103 o depozita\u021bi confortabil.<\/p>\n<p>Caracteristici<br \/>\nMaterial de executie: otel inoxidabil<br \/>\nLungime: 460 mm<\/p>\n","protected":false},"excerpt":{"rendered":"<p>Lingur\u0103 de servire din o\u021bel inoxidabil, 460 mm.<\/p>\n","protected":false},"featured_media":31394,"template":"","meta":[],"_links":{"self":[{"href":"https:\/\/evotek.md\/ro\/wp-json\/wp\/v2\/product\/31399"}],"collection":[{"href":"https:\/\/evotek.md\/ro\/wp-json\/wp\/v2\/product"}],"about":[{"href":"https:\/\/evotek.md\/ro\/wp-json\/wp\/v2\/types\/product"}],"wp:featuredmedia":[{"embeddable":true,"href":"https:\/\/evotek.md\/ro\/wp-json\/wp\/v2\/media\/31394"}],"wp:attachment":[{"href":"https:\/\/evotek.md\/ro\/wp-json\/wp\/v2\/media?parent=31399"}],"curies":[{"name":"wp","href":"https:\/\/api.w.org\/{rel}","templated":true}]}}