{"id":31390,"date":"2022-06-15T07:44:51","date_gmt":"2022-06-15T07:44:51","guid":{"rendered":"https:\/\/evotek.md\/produse\/fara-categorie\/bol-lustruit-cu-margine-%e2%8c%80600-mm-27-l-st-082600\/"},"modified":"2023-02-24T10:53:17","modified_gmt":"2023-02-24T10:53:17","slug":"bol-lustruit-cu-margine-%e2%8c%80600-mm-27-l-st-082600","status":"publish","type":"product","link":"https:\/\/evotek.md\/ro\/produse\/accesorii-si-inventar-bucatarie\/boluri\/bol-lustruit-cu-margine-%e2%8c%80600-mm-27-l-st-082600\/","title":{"rendered":"BOL DIN INOX \u00d8 600 mm, 27 LITRI -ST-082600"},"content":{"rendered":"<p><strong>BOL DIN INOX \u00d8 600 mm, 27 LITRI -ST-082600-<\/strong> Bolurile sunt una dintre principalele ustensile \u00een buc\u0103t\u0103rii \u2013 at\u00e2t \u00een \u200b\u200bgastronomia profesional\u0103, c\u00e2t \u0219i \u00een g\u0103titul casnic.<br \/>\nBolul este realizat din o\u021bel inoxidabil lustruit, f\u0103c\u00e2ndu-l nu numai sigur pentru contactul cu alimentele, ci \u0219i durabil \u0219i u\u0219or de \u00eentre\u021binut, care \u00eendepline\u0219te toate cerin\u021bele Sta\u021biei Sanitare \u0219i Epidemiologice.<br \/>\nDesignul simplu permite bolului s\u0103 se potriveasc\u0103 \u00een interiorul oric\u0103rei buc\u0103t\u0103rii, iar suprafa\u021ba lustruit\u0103 confer\u0103 vasului un aspect estetic.<\/p>\n<p>Caracteristici<br \/>\nMaterial de executie: otel inoxidabil<br \/>\nInaltime: 160 mm<br \/>\nDiametru: 600 mm<br \/>\nCapacitate: 27 l<\/p>\n","protected":false},"excerpt":{"rendered":"<p>Bol lustruit cu margine. Material de executie: otel inoxidabil; Inaltime: 160 mm; Diametru: 600 mm; Capacitate: 27 l.<\/p>\n","protected":false},"featured_media":31382,"template":"","meta":[],"_links":{"self":[{"href":"https:\/\/evotek.md\/ro\/wp-json\/wp\/v2\/product\/31390"}],"collection":[{"href":"https:\/\/evotek.md\/ro\/wp-json\/wp\/v2\/product"}],"about":[{"href":"https:\/\/evotek.md\/ro\/wp-json\/wp\/v2\/types\/product"}],"wp:featuredmedia":[{"embeddable":true,"href":"https:\/\/evotek.md\/ro\/wp-json\/wp\/v2\/media\/31382"}],"wp:attachment":[{"href":"https:\/\/evotek.md\/ro\/wp-json\/wp\/v2\/media?parent=31390"}],"curies":[{"name":"wp","href":"https:\/\/api.w.org\/{rel}","templated":true}]}}