{"id":31386,"date":"2022-06-14T14:00:33","date_gmt":"2022-06-14T14:00:33","guid":{"rendered":"https:\/\/evotek.md\/produse\/fara-categorie\/bol-lustruit-cu-margine-%e2%8c%80550-mm-19-l-st-082550\/"},"modified":"2023-02-24T10:54:05","modified_gmt":"2023-02-24T10:54:05","slug":"bol-lustruit-cu-margine-%e2%8c%80550-mm-19-l-st-082550","status":"publish","type":"product","link":"https:\/\/evotek.md\/ro\/produse\/accesorii-si-inventar-bucatarie\/boluri\/bol-lustruit-cu-margine-%e2%8c%80550-mm-19-l-st-082550\/","title":{"rendered":"BOL DIN INOX \u00d8 550 mm, 19 LITRI -ST-082550"},"content":{"rendered":"<p><strong>BOL DIN INOX \u00d8 550 mm, 19 LITRI -ST-082550<\/strong>&#8211; Bolurile sunt una dintre principalele ustensile \u00een buc\u0103t\u0103rii \u2013 at\u00e2t \u00een \u200b\u200bgastronomia profesional\u0103, c\u00e2t \u0219i \u00een g\u0103titul casnic.<br \/>\nBolul este realizat din o\u021bel inoxidabil lustruit, f\u0103c\u00e2ndu-l nu numai sigur pentru contactul cu alimentele, ci \u0219i durabil \u0219i u\u0219or de \u00eentre\u021binut, care \u00eendepline\u0219te toate cerin\u021bele Sta\u021biei Sanitare \u0219i Epidemiologice.<br \/>\nDesignul simplu permite bolului s\u0103 se potriveasc\u0103 \u00een interiorul oric\u0103rei buc\u0103t\u0103rii, iar suprafa\u021ba lustruit\u0103 confer\u0103 vasului un aspect estetic.<\/p>\n<p>Caracteristici<br \/>\nMaterial de executie: otel inoxidabil<br \/>\nInaltime: 145 mm<br \/>\nDiametru: 550 mm<br \/>\nCapacitate: 19 l<\/p>\n","protected":false},"excerpt":{"rendered":"<p>Bol lustruit cu margine. Material de executie: otel inoxidabil; Inaltime: 145 mm; Diametru: 550 mm; Capacitate: 19 l.<\/p>\n","protected":false},"featured_media":31382,"template":"","meta":[],"_links":{"self":[{"href":"https:\/\/evotek.md\/ro\/wp-json\/wp\/v2\/product\/31386"}],"collection":[{"href":"https:\/\/evotek.md\/ro\/wp-json\/wp\/v2\/product"}],"about":[{"href":"https:\/\/evotek.md\/ro\/wp-json\/wp\/v2\/types\/product"}],"wp:featuredmedia":[{"embeddable":true,"href":"https:\/\/evotek.md\/ro\/wp-json\/wp\/v2\/media\/31382"}],"wp:attachment":[{"href":"https:\/\/evotek.md\/ro\/wp-json\/wp\/v2\/media?parent=31386"}],"curies":[{"name":"wp","href":"https:\/\/api.w.org\/{rel}","templated":true}]}}