{"id":31364,"date":"2022-06-10T14:57:00","date_gmt":"2022-06-10T14:57:00","guid":{"rendered":"https:\/\/evotek.md\/produse\/fara-categorie\/sita-conica-%e2%8c%80200-mm-st-075201\/"},"modified":"2025-04-11T07:00:50","modified_gmt":"2025-04-11T07:00:50","slug":"sita-conica-%e2%8c%80200-mm-st-075201","status":"publish","type":"product","link":"https:\/\/evotek.md\/ro\/produse\/accesorii-si-inventar-bucatarie\/sita-din-inox\/sita-conica-%e2%8c%80200-mm-st-075201\/","title":{"rendered":"SIT\u0102 CONIC\u0102 \u00d8200 mm ST-075201"},"content":{"rendered":"<p><strong>SIT\u0102 CONIC\u0102 \u00d8200 mm ST-075201<\/strong>&#8211; Este imposibil s\u0103 v\u0103 imagina\u021bi lucrul \u00een buc\u0103t\u0103rie f\u0103r\u0103 ustensile elementare precum diverse tipuri de site \u0219i strecur\u0103toare. Acestea sunt preparate care sunt necesare at\u00e2t \u00een \u200b\u200bgastronomia profesional\u0103, c\u00e2t \u0219i \u00een uz casnic.<br \/>\nFiltrul conic este fabricat din o\u021bel inoxidabil, ceea ce \u00eel face rezistent la coroziune, rezistent la deterior\u0103ri mecanice \u0219i u\u0219or de cur\u0103\u021bat. Datorit\u0103 acestor caracteristici, sita este u\u0219or de cur\u0103\u021bat, ceea ce este foarte important \u00een contact direct cu alimentele.<br \/>\nM\u00e2nerul ergonomic faciliteaz\u0103 manevrarea, \u00een timp ce m\u00e2nerul curbat de pe cealalt\u0103 parte v\u0103 permite s\u0103 plasa\u021bi sita confortabil \u0219i stabil, de exemplu, pe o crati\u021b\u0103 sau un bol.<\/p>\n<p>Caracteristici<br \/>\nDiametrul celulei 1,8 mm<br \/>\nMaterial de executie: otel inoxidabil<br \/>\nInaltime: 210 mm<br \/>\nDiametru: 200 mm<\/p>\n","protected":false},"excerpt":{"rendered":"<p>Sit\u0103 conic\u0103 \u2300200 mm. Diametrul celulei 1,8 mm; Material de executie: otel inoxidabil; Inaltime: 210 mm.<\/p>\n","protected":false},"featured_media":31361,"template":"","meta":[],"_links":{"self":[{"href":"https:\/\/evotek.md\/ro\/wp-json\/wp\/v2\/product\/31364"}],"collection":[{"href":"https:\/\/evotek.md\/ro\/wp-json\/wp\/v2\/product"}],"about":[{"href":"https:\/\/evotek.md\/ro\/wp-json\/wp\/v2\/types\/product"}],"wp:featuredmedia":[{"embeddable":true,"href":"https:\/\/evotek.md\/ro\/wp-json\/wp\/v2\/media\/31361"}],"wp:attachment":[{"href":"https:\/\/evotek.md\/ro\/wp-json\/wp\/v2\/media?parent=31364"}],"curies":[{"name":"wp","href":"https:\/\/api.w.org\/{rel}","templated":true}]}}