{"id":3136,"date":"2020-02-27T07:48:22","date_gmt":"2020-02-27T07:54:34","guid":{"rendered":"https:\/\/evotek.md\/?post_type=product&#038;p=3136"},"modified":"2023-03-09T08:41:47","modified_gmt":"2023-03-09T08:41:47","slug":"masina-de-umplut-carnati-hkn-isv2","status":"publish","type":"product","link":"https:\/\/evotek.md\/ro\/produse\/echipamente-electromecanice\/masina-de-umplut-carnati\/masina-de-umplut-carnati-hkn-isv2\/","title":{"rendered":"MASINA DE UMPLUT CARNATI, MANUALA, 2 LITRI (vertical) -HKN-ISV2"},"content":{"rendered":"<p><strong>MASINA DE UMPLUT CARNATI, MANUALA, 2 LITRI (vertical) -HKN-ISV2-<\/strong> \u00a0Este destinat form\u0103rii c\u00e2rna\u021bilor folosind carne tocat\u0103 preparat\u0103. Toate elementele de baz\u0103 sunt fabricate din inox de \u00eenalt\u0103 calitate. Capacitatea recipientului pentru carne tocat\u0103, de asemenea, din o\u021bel inoxidabil, este de 2 litri. Datorit\u0103 sistemului unic de extrudare, pistonul revine rapid la pozi\u021bia ini\u021bial\u0103, ceea ce gr\u0103be\u0219te foarte mult procesul de umplere a seringii. Include 4 duze din o\u021bel inoxidabil cu diametre: 38, 32, 22 \u0219i 16 mm. Control manual. Ideal pentru a fi utilizat \u00een buc\u0103t\u0103riile casnice sau profesionale ale hotelurilor, restaurantelor \u0219i cantinelor.<\/p>\n<p>Caracteristici<\/p>\n<p>Brand Hurakan<\/p>\n<p>Parametri: 238x500x280 \u00a0mm<\/p>\n<p>Greutate net\u0103: 6 kg<\/p>\n<p>&nbsp;<\/p>\n","protected":false},"excerpt":{"rendered":"<p>Ma\u0219in\u0103 de umplut c\u00e2rna\u021bi, cu capacitatea recipientului pentru carne tocat\u0103 de 2 litri. Modelul are dimensiuni de 238x500x280 \u00a0mm. Greutate &#8211; 6 kg.<\/p>\n<p>&nbsp;<\/p>\n","protected":false},"featured_media":3132,"template":"","meta":[],"_links":{"self":[{"href":"https:\/\/evotek.md\/ro\/wp-json\/wp\/v2\/product\/3136"}],"collection":[{"href":"https:\/\/evotek.md\/ro\/wp-json\/wp\/v2\/product"}],"about":[{"href":"https:\/\/evotek.md\/ro\/wp-json\/wp\/v2\/types\/product"}],"wp:featuredmedia":[{"embeddable":true,"href":"https:\/\/evotek.md\/ro\/wp-json\/wp\/v2\/media\/3132"}],"wp:attachment":[{"href":"https:\/\/evotek.md\/ro\/wp-json\/wp\/v2\/media?parent=3136"}],"curies":[{"name":"wp","href":"https:\/\/api.w.org\/{rel}","templated":true}]}}