{"id":31351,"date":"2022-06-10T14:36:47","date_gmt":"2022-06-10T14:36:47","guid":{"rendered":"https:\/\/evotek.md\/produse\/fara-categorie\/manusi-rezistente-la-ulei-st-505020\/"},"modified":"2022-06-10T14:44:12","modified_gmt":"2022-06-10T14:44:12","slug":"manusi-rezistente-la-ulei-st-505020","status":"publish","type":"product","link":"https:\/\/evotek.md\/ro\/produse\/accesorii-si-inventar-bucatarie\/manusi-de-bucatarie\/manusi-rezistente-la-ulei-st-505020\/","title":{"rendered":"MANUSI REZISTENTE LA ULEI 2 buc. ST-505020"},"content":{"rendered":"<p><strong>MANUSI REZISTENTE LA ULEI 2 buc. ST-505020<\/strong>&#8211; Munca in bucatarie ar trebui sa fie nu numai eficienta, ci mai presus de toate sigura. De aceea este foarte important s\u0103 folosi\u021bi \u00eembr\u0103c\u0103minte specializat\u0103 care s\u0103 protejeze, printre altele, de arsuri.<br \/>\nM\u0103nu\u0219ile pentru grill termic rezistente la ulei sunt realizate din neopren, care are o rezisten\u021b\u0103 foarte mare la uleiuri. Nu absorb umezeala, deci nu exist\u0103 riscul ca lichidul fierbinte s\u0103 ajung\u0103 pe suprafa\u021ba m\u00e2inii.<br \/>\nM\u0103nu\u0219ile ofer\u0103 un confort de utilizare \u0219i siguran\u021ba de a lua obiectele fierbin\u021bi in m\u00e2n\u0103.<\/p>\n<p>Caracteristici<br \/>\nMaterial de executie: neopren<br \/>\nLungime: 320 mm<br \/>\nRezisten\u021ba la c\u0103ldur\u0103 a m\u0103nu\u0219ilor atinge: 100 \u00b0C.<\/p>\n","protected":false},"excerpt":{"rendered":"<p>M\u0103nu\u0219i rezistente la ulei, 2 buc\u0103\u021bi. Material de executie: neopren; Lungime: 320 mm; Rezisten\u021ba la c\u0103ldur\u0103 a m\u0103nu\u0219ilor atinge: 100 \u00b0C.<\/p>\n","protected":false},"featured_media":31348,"template":"","meta":[],"_links":{"self":[{"href":"https:\/\/evotek.md\/ro\/wp-json\/wp\/v2\/product\/31351"}],"collection":[{"href":"https:\/\/evotek.md\/ro\/wp-json\/wp\/v2\/product"}],"about":[{"href":"https:\/\/evotek.md\/ro\/wp-json\/wp\/v2\/types\/product"}],"wp:featuredmedia":[{"embeddable":true,"href":"https:\/\/evotek.md\/ro\/wp-json\/wp\/v2\/media\/31348"}],"wp:attachment":[{"href":"https:\/\/evotek.md\/ro\/wp-json\/wp\/v2\/media?parent=31351"}],"curies":[{"name":"wp","href":"https:\/\/api.w.org\/{rel}","templated":true}]}}