{"id":31332,"date":"2022-06-10T13:59:05","date_gmt":"2022-06-10T13:59:05","guid":{"rendered":"https:\/\/evotek.md\/produse\/fara-categorie\/rasnita-pentru-condimente-din-lemn-200-mm-m-362421\/"},"modified":"2025-06-04T09:12:42","modified_gmt":"2025-06-04T09:12:42","slug":"rasnita-pentru-condimente-din-lemn-200-mm-m-362421","status":"publish","type":"product","link":"https:\/\/evotek.md\/ro\/produse\/accesorii-si-inventar-bucatarie\/accesorii-pentru-bar\/rasnita-pentru-condimente-din-lemn-200-mm-m-362421\/","title":{"rendered":"RASNITA DIN LEMN PENTRU CONDIMENTE  200 mm M-362421"},"content":{"rendered":"<p><strong>RASNITA DIN LEMN PENTRU CONDIMENTE 200 mm M-362421-<\/strong> Condimentele proasp\u0103t m\u0103cinate confer\u0103 preparatelor un gust \u0219i o arom\u0103 bogat\u0103. Prin urmare, ar trebui s\u0103 fie m\u0103cinate chiar \u00eenainte de condimentarea alimentelor. Acest lucru \u00eel fac accesoriile special concepute.<br \/>\nRasnita pentru condimente este un echipament indispensabil pentru toate restaurantele. Forma este modelat\u0103 dup\u0103 piesa de \u0219ah din lemn alb \u0219i va oferi oric\u0103rui interior un design unic.<br \/>\nFabricat din lemn \u0219i cauciuc pentru durabilitate \u0219i estetic\u0103. \u00cen plus, r\u00e2\u0219ni\u021ba de condimente are capacitatea de a regla grosimea de m\u0103cinare, ceea ce v\u0103 permite s\u0103 o adapta\u021bi la preferin\u021bele individuale ale clientului.<br \/>\nMecanismul universal de \u0219lefuire ceramic\u0103 garanteaz\u0103 o fiabilitate ridicat\u0103 \u0219i cele mai bune rezultate. R\u00e2\u0219ni\u021ba alb\u0103 este recomandata pentru sare.<\/p>\n<p>Material de executie: lemn<br \/>\nLungime: 200 mm<\/p>\n","protected":false},"excerpt":{"rendered":"<p>R\u00e2\u0219ni\u021b\u0103 pentru condimente &#8220;Kr\u00f3lowa&#8221; 200 mm din lemn alb.<\/p>\n","protected":false},"featured_media":31325,"template":"","meta":[],"_links":{"self":[{"href":"https:\/\/evotek.md\/ro\/wp-json\/wp\/v2\/product\/31332"}],"collection":[{"href":"https:\/\/evotek.md\/ro\/wp-json\/wp\/v2\/product"}],"about":[{"href":"https:\/\/evotek.md\/ro\/wp-json\/wp\/v2\/types\/product"}],"wp:featuredmedia":[{"embeddable":true,"href":"https:\/\/evotek.md\/ro\/wp-json\/wp\/v2\/media\/31325"}],"wp:attachment":[{"href":"https:\/\/evotek.md\/ro\/wp-json\/wp\/v2\/media?parent=31332"}],"curies":[{"name":"wp","href":"https:\/\/api.w.org\/{rel}","templated":true}]}}