{"id":31320,"date":"2022-06-10T13:07:35","date_gmt":"2022-06-10T13:07:35","guid":{"rendered":"https:\/\/evotek.md\/produse\/fara-categorie\/grila-pentru-pizza-%e2%8c%80460-mm-st-562460\/"},"modified":"2022-06-10T13:07:35","modified_gmt":"2022-06-10T13:07:35","slug":"grila-pentru-pizza-%e2%8c%80460-mm-st-562460","status":"publish","type":"product","link":"https:\/\/evotek.md\/ro\/produse\/accesorii-si-inventar-bucatarie\/inventar-pizzerie\/grila-pentru-pizza-%e2%8c%80460-mm-st-562460\/","title":{"rendered":"GRIL\u0102 PENTRU PIZZA \u2300460 mm ST-562460"},"content":{"rendered":"<p><strong>GRIL\u0102 PENTRU PIZZA \u2300460 mm ST-562460<\/strong>&#8211; Crocant la exterior, moale la interior, aceasta este o reteta dovedita pe gustul tuturor. Pentru a ob\u021bine consisten\u021ba ideal\u0103 a aluatului, este important nu doar s\u0103-l fr\u0103m\u00e2nta\u021bi corect \u0219i s\u0103 alege\u021bi cele mai bune ingrediente, ci \u0219i s\u0103 ave\u021bi instrumente specializate.<br \/>\nGrila pentru pizza cu diametrul de 460 mm este indispensabila in orice pizzerie profesionala. Asigur\u0103 o ventila\u021bie adecvat\u0103 sub pizza cu drojdie, permi\u021b\u00e2nd apei s\u0103 se evapore \u00een timpul coacerii. Drept urmare, aluatul devine pufos, fraged \u0219i crocant \u00een acela\u0219i timp.<br \/>\nFolosirea unei grile pentru pizza previne arderea aluatului in timpul coacerii. Acest lucru se datoreaz\u0103 coacerii uniforme, care este asigurat\u0103 prin utilizarea unei\u00a0 grile.<br \/>\nAluminiul de \u00eenalt\u0103 calitate utilizat pentru producerea plasei respect\u0103 toate standardele de Supraveghere Sanitar\u0103 \u0219i Epidemiologic\u0103, ceea ce garanteaz\u0103 siguran\u021ba \u00een contact cu alimentele \u0219i u\u0219urin\u021ba de cur\u0103\u021bare.<\/p>\n<p>Caracteristici<br \/>\nMaterial de executie: aluminiu<br \/>\nDiametru: 460 mm<br \/>\nDiametru interior: 430 mm<br \/>\nSp\u0103larea \u00een ma\u0219ina de sp\u0103lat vase: Nu<\/p>\n","protected":false},"excerpt":{"rendered":"<p>Gril\u0103 pentru pizza \u2300460 mm. Material de executie: aluminiu; Diametru interior: 430 mm; Sp\u0103larea \u00een ma\u0219ina de sp\u0103lat vase: Nu.<\/p>\n","protected":false},"featured_media":31319,"template":"","meta":[],"_links":{"self":[{"href":"https:\/\/evotek.md\/ro\/wp-json\/wp\/v2\/product\/31320"}],"collection":[{"href":"https:\/\/evotek.md\/ro\/wp-json\/wp\/v2\/product"}],"about":[{"href":"https:\/\/evotek.md\/ro\/wp-json\/wp\/v2\/types\/product"}],"wp:featuredmedia":[{"embeddable":true,"href":"https:\/\/evotek.md\/ro\/wp-json\/wp\/v2\/media\/31319"}],"wp:attachment":[{"href":"https:\/\/evotek.md\/ro\/wp-json\/wp\/v2\/media?parent=31320"}],"curies":[{"name":"wp","href":"https:\/\/api.w.org\/{rel}","templated":true}]}}