{"id":31315,"date":"2022-06-10T12:35:16","date_gmt":"2022-06-10T12:35:16","guid":{"rendered":"https:\/\/evotek.md\/produse\/fara-categorie\/capac-pentru-recipientele-563407-si-563410-st-563408\/"},"modified":"2023-07-06T14:31:34","modified_gmt":"2023-07-06T14:31:34","slug":"capac-pentru-recipientele-563407-si-563410-st-563408","status":"publish","type":"product","link":"https:\/\/evotek.md\/ro\/produse\/accesorii-si-inventar-bucatarie\/cutii-pentru-aluat\/capac-pentru-recipientele-563407-si-563410-st-563408\/","title":{"rendered":"CAPAC PENTRU CUTIE DEPOZITARA PENTRU ALUAT 600&#215;400 mm -ST-563408"},"content":{"rendered":"<p><strong>CAPAC PENTRU CUTIE DEPOZITARA PENTRU ALUAT 600&#215;400 mm -ST-563408-<\/strong> Capacul recipientului pentru aluat previne uscarea aluatului depozitat in acesta pentru pizza, pelmeni, paste sau alte bucate f\u0103inoase. Este posibil s\u0103 stivui\u021bi capace cu recipiente, f\u0103c\u00e2nd depozitarea lor foarte convenabil\u0103 \u0219i economisind spa\u021biu. Capacul este fabricat din polipropilen\u0103 alimentar\u0103, u\u0219or de cur\u0103\u021bat \u0219i durabil.<\/p>\n<p>Caracteristici<br \/>\nMaterial de executie: polietilena<br \/>\nLatime: 600 mm<br \/>\nAd\u00e2ncime: 400 mm<br \/>\nInaltime: 20 mm<br \/>\nStivuibil: Da<br \/>\nCapacul se potrive\u0219te cu codurile containerelor 563407 \u0219i 563410.<\/p>\n","protected":false},"excerpt":{"rendered":"<p>Capac pentru recipientele 563407 si 563410. Material: polietilena; Latime: 600mm; Ad\u00e2ncime: 400 mm; Inaltime: 20mm; Stivuibil: Da<\/p>\n","protected":false},"featured_media":31314,"template":"","meta":[],"_links":{"self":[{"href":"https:\/\/evotek.md\/ro\/wp-json\/wp\/v2\/product\/31315"}],"collection":[{"href":"https:\/\/evotek.md\/ro\/wp-json\/wp\/v2\/product"}],"about":[{"href":"https:\/\/evotek.md\/ro\/wp-json\/wp\/v2\/types\/product"}],"wp:featuredmedia":[{"embeddable":true,"href":"https:\/\/evotek.md\/ro\/wp-json\/wp\/v2\/media\/31314"}],"wp:attachment":[{"href":"https:\/\/evotek.md\/ro\/wp-json\/wp\/v2\/media?parent=31315"}],"curies":[{"name":"wp","href":"https:\/\/api.w.org\/{rel}","templated":true}]}}