{"id":31311,"date":"2022-06-10T12:08:00","date_gmt":"2022-06-10T12:08:00","guid":{"rendered":"https:\/\/evotek.md\/produse\/fara-categorie\/cutie-depozitara-pentru-aluat-din-polipropilena-st-563407-2\/"},"modified":"2023-07-06T14:58:19","modified_gmt":"2023-07-06T14:58:19","slug":"st-563410","status":"publish","type":"product","link":"https:\/\/evotek.md\/ro\/produse\/accesorii-si-inventar-bucatarie\/cutii-pentru-aluat\/st-563410\/","title":{"rendered":"CUTIE DIN POLIPROPILENA PENTRU ALUAT 600x400x100 mm -ST-563410"},"content":{"rendered":"<p><strong>CUTIE DIN POLIPROPILENA PENTRU ALUAT 600x400x100 mm -ST-563410<\/strong>&#8211; Recipientul pentru aluat sau semifabricate (pizza, paste) rezist\u0103 la temperaturi sc\u0103zute. Containerele \u00eenchise ermetic vor preveni contaminarea echipamentelor de refrigerare \u0219i vor elimina nevoia de cur\u0103\u021bare frecvent\u0103. Nu permite amestecarea aromelor, \u00een special a condimentelor aromate, cum ar fi ceapa \u0219i usturoiul.<\/p>\n<p>Caracteristici<br \/>\nIdeal pentru aluat de pizza, paste, etc.<br \/>\nRezisten\u021b\u0103 la temperatur\u0103: de la -40\u00b0 la +80\u00b0<br \/>\nC\u0103rucior special: Nr. 563409<br \/>\nMaterial de executie: polietilena<br \/>\nLatime: 600 mm<br \/>\nAd\u00e2ncime: 400 mm<br \/>\nInaltime: 100 mm<\/p>\n","protected":false},"excerpt":{"rendered":"<p>Cutie depozitar\u0103 pentru aluat din polipropilen\u0103 600x400x100 mm. Ideal pentru aluat de pizza, paste, etc.; Rezisten\u021b\u0103 la temperatur\u0103: de la -40\u00b0 la +80\u00b0; C\u0103rucior special: Nr. 563409.<\/p>\n","protected":false},"featured_media":31310,"template":"","meta":[],"_links":{"self":[{"href":"https:\/\/evotek.md\/ro\/wp-json\/wp\/v2\/product\/31311"}],"collection":[{"href":"https:\/\/evotek.md\/ro\/wp-json\/wp\/v2\/product"}],"about":[{"href":"https:\/\/evotek.md\/ro\/wp-json\/wp\/v2\/types\/product"}],"wp:featuredmedia":[{"embeddable":true,"href":"https:\/\/evotek.md\/ro\/wp-json\/wp\/v2\/media\/31310"}],"wp:attachment":[{"href":"https:\/\/evotek.md\/ro\/wp-json\/wp\/v2\/media?parent=31311"}],"curies":[{"name":"wp","href":"https:\/\/api.w.org\/{rel}","templated":true}]}}