{"id":31300,"date":"2022-06-10T11:24:51","date_gmt":"2022-06-10T11:24:51","guid":{"rendered":"https:\/\/evotek.md\/produse\/fara-categorie\/spatula-pentru-cofetarile-din-silicon-400-mm-st-525402\/"},"modified":"2023-12-07T13:26:46","modified_gmt":"2023-12-07T13:26:46","slug":"spatula-pentru-cofetarile-din-silicon-400-mm-st-525402","status":"publish","type":"product","link":"https:\/\/evotek.md\/ro\/produse\/accesorii-si-inventar-bucatarie\/accesorii-pentru-bar\/spatula-pentru-cofetarile-din-silicon-400-mm-st-525402\/","title":{"rendered":"SPATUL\u0102 PENTRU COFET\u0102RIE DIN SILICON 400 mm ST-525402"},"content":{"rendered":"<p>SPATUL\u0102 PENTRU COFET\u0102RIE DIN SILICON 400 mm ST-525402<\/p>\n<p>Caracteristici<br \/>\nRezisten\u021b\u0103 la c\u0103ldur\u0103: p\u00e2n\u0103 la + 220 \u00b0\u0421<br \/>\nMaterial: polietilena<br \/>\nLungime: 400 mm<br \/>\nSe poate sp\u0103la \u00een ma\u0219ina de sp\u0103lat vase: da<\/p>\n","protected":false},"excerpt":{"rendered":"<p>Spatul\u0103 pentru cofet\u0103rie din silicon 400 mm. Rezisten\u021b\u0103 la c\u0103ldur\u0103: p\u00e2n\u0103 la + 220 \u00b0\u0421; Material: polietilena; Se poate sp\u0103la \u00een ma\u0219ina de sp\u0103lat vase: da.<\/p>\n","protected":false},"featured_media":31299,"template":"","meta":[],"_links":{"self":[{"href":"https:\/\/evotek.md\/ro\/wp-json\/wp\/v2\/product\/31300"}],"collection":[{"href":"https:\/\/evotek.md\/ro\/wp-json\/wp\/v2\/product"}],"about":[{"href":"https:\/\/evotek.md\/ro\/wp-json\/wp\/v2\/types\/product"}],"wp:featuredmedia":[{"embeddable":true,"href":"https:\/\/evotek.md\/ro\/wp-json\/wp\/v2\/media\/31299"}],"wp:attachment":[{"href":"https:\/\/evotek.md\/ro\/wp-json\/wp\/v2\/media?parent=31300"}],"curies":[{"name":"wp","href":"https:\/\/api.w.org\/{rel}","templated":true}]}}