{"id":31289,"date":"2022-06-10T10:51:56","date_gmt":"2022-06-10T10:51:56","guid":{"rendered":"https:\/\/evotek.md\/produse\/fara-categorie\/detergent-pentru-aparate-de-cafea-050-kg-st-648210\/"},"modified":"2022-06-10T10:51:56","modified_gmt":"2022-06-10T10:51:56","slug":"detergent-pentru-aparate-de-cafea-050-kg-st-648210","status":"publish","type":"product","link":"https:\/\/evotek.md\/ro\/produse\/solutii-pentru-curatare\/pentru-aparatele-de-cafea\/detergent-pentru-aparate-de-cafea-050-kg-st-648210\/","title":{"rendered":"DETERGENT PENTRU APARATE DE CAFEA 0,50 kg ST-648210"},"content":{"rendered":"<p><strong>DETERGENT PENTRU APARATE DE CAFEA 0,50 kg ST-648210-<\/strong> Un aparat de cafea profesional necesit\u0103 service profesionist.<br \/>\nSolu\u021bia de cur\u0103\u021bare a aparatelor de cafea Stalgast trebuie s\u0103 fie \u00een fiecare cafenea sau restaurant unde sunt folosite aparate de cafea.<br \/>\nDetergentul este destinat cur\u0103\u021b\u0103rii ma\u0219inelor de cafea semiautomate, automate, precum \u0219i vase de por\u021belan \u0219i suprafe\u021be interioare ale termosurilor etc. Preparatul \u00eendep\u0103rteaz\u0103 taninurile \u0219i depunerile de cafea. Pulberea, datorit\u0103 con\u021binutului de oxigen activ, face fa\u021b\u0103 perfect polu\u0103rii \u0219i este foarte eficient\u0103.<\/p>\n","protected":false},"excerpt":{"rendered":"<p>Detergent pentru aparate de cafea 0,50 kg.<\/p>\n","protected":false},"featured_media":31288,"template":"","meta":[],"_links":{"self":[{"href":"https:\/\/evotek.md\/ro\/wp-json\/wp\/v2\/product\/31289"}],"collection":[{"href":"https:\/\/evotek.md\/ro\/wp-json\/wp\/v2\/product"}],"about":[{"href":"https:\/\/evotek.md\/ro\/wp-json\/wp\/v2\/types\/product"}],"wp:featuredmedia":[{"embeddable":true,"href":"https:\/\/evotek.md\/ro\/wp-json\/wp\/v2\/media\/31288"}],"wp:attachment":[{"href":"https:\/\/evotek.md\/ro\/wp-json\/wp\/v2\/media?parent=31289"}],"curies":[{"name":"wp","href":"https:\/\/api.w.org\/{rel}","templated":true}]}}