{"id":31263,"date":"2022-06-10T09:14:02","date_gmt":"2022-06-10T09:15:29","guid":{"rendered":"https:\/\/evotek.md\/?post_type=product&#038;p=31263"},"modified":"2022-06-10T09:15:29","modified_gmt":"2022-06-10T09:15:29","slug":"shaker-pentru-coktail-uri-700-ml-st-476070","status":"publish","type":"product","link":"https:\/\/evotek.md\/ro\/produse\/accesorii-si-inventar-bucatarie\/accesorii-pentru-bar\/shaker-pentru-coktail-uri-700-ml-st-476070\/","title":{"rendered":"SHAKER PENTRU COKTAIL-URI 700 ml -ST-476070"},"content":{"rendered":"<p><strong>SHAKER PENTRU COKTAIL-URI 700 ml -ST-476070- <\/strong>un shaker pentru amestecarea cocktailurilor, format dintr-un pahar \u00eenalt, conceput pentru prepararea b\u0103uturilor alcoolice \u0219i nealcoolice \u00een baruri. Shaker-ul v\u0103 permite s\u0103 g\u0103ti\u021bi corect produsul amestec\u00e2nd bine ingredientele.<\/p>\n<p>Caracteristici<\/p>\n<p>Volum: 700 ml<br \/>\nMaterial din o\u021bel inoxidabil<\/p>\n<p>&nbsp;<\/p>\n","protected":false},"excerpt":{"rendered":"<div class=\"product-short-description\">\n<p>Shaker pentru cocktail-uri cu capac. Volum: 700 ml; Material din o\u021bel inoxidabil.<\/p>\n<\/div>\n","protected":false},"featured_media":31261,"template":"","meta":[],"_links":{"self":[{"href":"https:\/\/evotek.md\/ro\/wp-json\/wp\/v2\/product\/31263"}],"collection":[{"href":"https:\/\/evotek.md\/ro\/wp-json\/wp\/v2\/product"}],"about":[{"href":"https:\/\/evotek.md\/ro\/wp-json\/wp\/v2\/types\/product"}],"wp:featuredmedia":[{"embeddable":true,"href":"https:\/\/evotek.md\/ro\/wp-json\/wp\/v2\/media\/31261"}],"wp:attachment":[{"href":"https:\/\/evotek.md\/ro\/wp-json\/wp\/v2\/media?parent=31263"}],"curies":[{"name":"wp","href":"https:\/\/api.w.org\/{rel}","templated":true}]}}