{"id":31259,"date":"2022-06-10T09:08:33","date_gmt":"2022-06-10T09:08:33","guid":{"rendered":"https:\/\/evotek.md\/produse\/fara-categorie\/sita-barmanului-150-mm-st-472093\/"},"modified":"2022-06-10T09:08:33","modified_gmt":"2022-06-10T09:08:33","slug":"sita-barmanului-150-mm-st-472093","status":"publish","type":"product","link":"https:\/\/evotek.md\/ro\/produse\/accesorii-si-inventar-bucatarie\/accesorii-pentru-bar\/sita-barmanului-150-mm-st-472093\/","title":{"rendered":"SITA BARMANULUI 150 mm ST-472093"},"content":{"rendered":"<p><strong>SITA BARMANULUI 150 mm ST-472093<\/strong>&#8211; Sita barmanului este o unealt\u0103 profesionist\u0103 pentru barman care serve\u0219te la \u00eendep\u0103rtarea particulelor mari, cum ar fi s\u00e2mburi de fructe, ghea\u021b\u0103, fragmente mari de fructe.<\/p>\n<p>Lungime: 150 mm<br \/>\nDiametru: 75 mm<\/p>\n","protected":false},"excerpt":{"rendered":"<p>Sita barmanului. Lungime: 150 mm; Diametru: 75 mm<\/p>\n","protected":false},"featured_media":31258,"template":"","meta":[],"_links":{"self":[{"href":"https:\/\/evotek.md\/ro\/wp-json\/wp\/v2\/product\/31259"}],"collection":[{"href":"https:\/\/evotek.md\/ro\/wp-json\/wp\/v2\/product"}],"about":[{"href":"https:\/\/evotek.md\/ro\/wp-json\/wp\/v2\/types\/product"}],"wp:featuredmedia":[{"embeddable":true,"href":"https:\/\/evotek.md\/ro\/wp-json\/wp\/v2\/media\/31258"}],"wp:attachment":[{"href":"https:\/\/evotek.md\/ro\/wp-json\/wp\/v2\/media?parent=31259"}],"curies":[{"name":"wp","href":"https:\/\/api.w.org\/{rel}","templated":true}]}}