{"id":31255,"date":"2022-06-10T08:56:46","date_gmt":"2022-06-10T08:56:46","guid":{"rendered":"https:\/\/evotek.md\/produse\/fara-categorie\/plita-pe-gaz-60x60-cm-remta-yo6070\/"},"modified":"2023-01-17T12:17:17","modified_gmt":"2023-01-17T12:17:17","slug":"plita-pe-gaz-60x60-cm-remta-yo6070","status":"publish","type":"product","link":"https:\/\/evotek.md\/ro\/produse\/echipamente-termice\/plite-de-gaz\/plita-pe-gaz-60x60-cm-remta-yo6070\/","title":{"rendered":"PLITA PE GAZ CU 1 ARZATOR 60&#215;60 cm Remta-YO6070"},"content":{"rendered":"<p><strong>PLITA PE GAZ CU 1 ARZATOR 60&#215;60 cm Remta-YO6070<\/strong>&#8211; Plit\u0103 profesionala pe gaz, cu carcas\u0103 din otel inoxidabil.<\/p>\n<p>Caracteristici<br \/>\nCarcas\u0103 din o\u021bel inoxidabil<br \/>\nSuprafa\u021ba superioar\u0103 rezistent\u0103 la impact<br \/>\nUsor de curatat<br \/>\nArz\u0103tor puternic<br \/>\nDimensiune: 600x700x500 mm<br \/>\nGreutate: 40 kg<br \/>\nPutere: 15 kW<\/p>\n","protected":false},"excerpt":{"rendered":"<p>Plit\u0103 profesionala pe gaz. Carcas\u0103 din o\u021bel inoxidabil; Suprafa\u021ba superioar\u0103 rezistent\u0103 la impact; Usor de curatat; Arz\u0103tor puternic; Dimensiune: 600x700x500 mm; Greutate: 40 kg; Putere: 15 kW.<\/p>\n","protected":false},"featured_media":31254,"template":"","meta":[],"_links":{"self":[{"href":"https:\/\/evotek.md\/ro\/wp-json\/wp\/v2\/product\/31255"}],"collection":[{"href":"https:\/\/evotek.md\/ro\/wp-json\/wp\/v2\/product"}],"about":[{"href":"https:\/\/evotek.md\/ro\/wp-json\/wp\/v2\/types\/product"}],"wp:featuredmedia":[{"embeddable":true,"href":"https:\/\/evotek.md\/ro\/wp-json\/wp\/v2\/media\/31254"}],"wp:attachment":[{"href":"https:\/\/evotek.md\/ro\/wp-json\/wp\/v2\/media?parent=31255"}],"curies":[{"name":"wp","href":"https:\/\/api.w.org\/{rel}","templated":true}]}}