{"id":31235,"date":"2022-06-09T13:48:19","date_gmt":"2022-06-09T13:48:19","guid":{"rendered":"https:\/\/evotek.md\/produse\/fara-categorie\/suport-de-scurgere-pentru-recipiente-gastronomice-st-682060\/"},"modified":"2022-06-09T13:48:19","modified_gmt":"2022-06-09T13:48:19","slug":"suport-de-scurgere-pentru-recipiente-gastronomice-st-682060","status":"publish","type":"product","link":"https:\/\/evotek.md\/ro\/produse\/mobila-din-inox\/rafturi-din-inox\/rafturi-pentru-bucatarie\/suport-de-scurgere-pentru-recipiente-gastronomice-st-682060\/","title":{"rendered":"SUPORT DE SCURGERE PENTRU RECIPIENTE GASTRONOMICE- ST-682060"},"content":{"rendered":"<p><strong>SUPORT DE SCURGERE PENTRU RECIPIENTE GASTRONOMICE- ST-682060-<\/strong> Suportul de scurgere pentru recipiente gastronomice de la Stalgast este fabricat din o\u021bel inoxidabil de \u00eenalt\u0103 calitate. Acest material este rezistent la deterior\u0103ri mecanice, coroziune, u\u0219or de cur\u0103\u021bat. Datorit\u0103 acestui fapt, raftul garanteaz\u0103 mul\u021bi ani de utilizare \u0219i igien\u0103. 2 nivele de rafturi cu profil special va permit sa depozitati recipiente GN 1\/1, h-20 mm.<br \/>\nRaft-ul este proiectat pentru auto-asamblare.<\/p>\n<p>Caracteristici<br \/>\nMaterial de executie: otel inoxidabil<br \/>\nLatime: 600 mm<br \/>\nAd\u00e2ncime: 550 mm<br \/>\nInaltime: 1130 mm<br \/>\nAuto-asamblare: Da<\/p>\n","protected":false},"excerpt":{"rendered":"<p>Material de executie: otel inoxidabil; Latime: 600 mm; Ad\u00e2ncime: 550 mm; Inaltime: 1130 mm; Auto-asamblare: Da.<\/p>\n","protected":false},"featured_media":31230,"template":"","meta":[],"_links":{"self":[{"href":"https:\/\/evotek.md\/ro\/wp-json\/wp\/v2\/product\/31235"}],"collection":[{"href":"https:\/\/evotek.md\/ro\/wp-json\/wp\/v2\/product"}],"about":[{"href":"https:\/\/evotek.md\/ro\/wp-json\/wp\/v2\/types\/product"}],"wp:featuredmedia":[{"embeddable":true,"href":"https:\/\/evotek.md\/ro\/wp-json\/wp\/v2\/media\/31230"}],"wp:attachment":[{"href":"https:\/\/evotek.md\/ro\/wp-json\/wp\/v2\/media?parent=31235"}],"curies":[{"name":"wp","href":"https:\/\/api.w.org\/{rel}","templated":true}]}}