{"id":31225,"date":"2022-06-09T11:29:23","date_gmt":"2022-06-09T11:29:23","guid":{"rendered":"https:\/\/evotek.md\/produse\/fara-categorie\/cos-pentru-paine-din-polipropilena-gn-1-2-325x265x80-mm-st-361302\/"},"modified":"2022-06-09T11:53:28","modified_gmt":"2022-06-09T11:53:28","slug":"cos-pentru-paine-din-polipropilena-gn-1-2-325x265x80-mm-st-361302","status":"publish","type":"product","link":"https:\/\/evotek.md\/ro\/produse\/accesorii-si-inventar-bucatarie\/cosuri-pentru-paine-kuhonii-inventari\/cos-pentru-paine-din-polipropilena-gn-1-2-325x265x80-mm-st-361302\/","title":{"rendered":"COS PENTRU PAINE DIN POLIPROPILENA GN 1\/2 &#8211; 325x265x80 mm ST-361302"},"content":{"rendered":"<p><strong>COS PENTRU PAINE DIN POLIPROPILENA GN 1\/2 &#8211; 325x265x80 mm ST-361302<\/strong>&#8211; Construc\u021bia solid\u0103 (marginea este \u00eent\u0103rit\u0103 cu s\u00e2rm\u0103) face co\u0219ul indispensabil nu doar acas\u0103, ci \u0219i \u00een restaurantul hotelului. Polipropilena din care sunt fabricate vasele este rezistenta la deteriorari mecanice si usor de curatat. \u00cen plus, co\u0219urile pot fi sp\u0103late \u00een ma\u0219ina de sp\u0103lat vase. Marginea \u00eent\u0103rit\u0103 permite stivuirea.<\/p>\n<p>Caracteristici<br \/>\nMaterial de executie: polipropilena<br \/>\nLatime: 325 mm<br \/>\nAd\u00e2ncime: 265 mm<br \/>\nInaltime: 80 mm<\/p>\n","protected":false},"excerpt":{"rendered":"<p>Co\u0219 pentru p\u00e2ine din polipropilen\u0103. Material de executie: polipropilena; Latime: 325 mm; Ad\u00e2ncime: 265 mm; Inaltime: 80 mm.<\/p>\n","protected":false},"featured_media":31215,"template":"","meta":[],"_links":{"self":[{"href":"https:\/\/evotek.md\/ro\/wp-json\/wp\/v2\/product\/31225"}],"collection":[{"href":"https:\/\/evotek.md\/ro\/wp-json\/wp\/v2\/product"}],"about":[{"href":"https:\/\/evotek.md\/ro\/wp-json\/wp\/v2\/types\/product"}],"wp:featuredmedia":[{"embeddable":true,"href":"https:\/\/evotek.md\/ro\/wp-json\/wp\/v2\/media\/31215"}],"wp:attachment":[{"href":"https:\/\/evotek.md\/ro\/wp-json\/wp\/v2\/media?parent=31225"}],"curies":[{"name":"wp","href":"https:\/\/api.w.org\/{rel}","templated":true}]}}