{"id":31207,"date":"2022-06-09T10:27:25","date_gmt":"2022-06-09T10:27:25","guid":{"rendered":"https:\/\/evotek.md\/produse\/fara-categorie\/ulcior-pahar-din-sticla-144-l-st-400342\/"},"modified":"2022-06-15T12:21:30","modified_gmt":"2022-06-15T12:21:30","slug":"ulcior-pahar-din-sticla-144-l-st-400342","status":"publish","type":"product","link":"https:\/\/evotek.md\/ro\/produse\/accesorii-si-inventar-bucatarie\/vesela-si-tacamuri\/pahare-si-cani-din-sticla\/ulcior-pahar-din-sticla-144-l-st-400342\/","title":{"rendered":"ULCIOR\/PAHAR DIN STICLA 1,44 L ST-400342"},"content":{"rendered":"<p><strong>ULCIOR\/PAHAR DIN STICLA 1,44 L ST-400342<\/strong>&#8211; Urciorul Pasabahce din linia Timeless este un vas ideal pentru sali de banchet, restaurante, cafenele si baruri. Designul s\u0103u elegant va ad\u0103uga farmec oric\u0103rei mese pe care st\u0103. Urciorul este realizat din sticla gourmet, care este mai groasa si mai rezistenta decat sticla clasica. Acest lucru reduce \u0219ansa ca produsul s\u0103 se rup\u0103 accidental.<\/p>\n<p>Caracteristici<br \/>\nMaterial de executie: sticla<br \/>\nInaltime: 217 mm<br \/>\nDiametru: 134 mm<br \/>\nCapacitate: 1,44 l<\/p>\n","protected":false},"excerpt":{"rendered":"<p>Ulcior\/pahar din sticl\u0103 1,44 l. Material de executie: sticla; Inaltime: 217 mm; Diametru: 134 mm; Capacitate: 1,44 l.<\/p>\n","protected":false},"featured_media":31203,"template":"","meta":[],"_links":{"self":[{"href":"https:\/\/evotek.md\/ro\/wp-json\/wp\/v2\/product\/31207"}],"collection":[{"href":"https:\/\/evotek.md\/ro\/wp-json\/wp\/v2\/product"}],"about":[{"href":"https:\/\/evotek.md\/ro\/wp-json\/wp\/v2\/types\/product"}],"wp:featuredmedia":[{"embeddable":true,"href":"https:\/\/evotek.md\/ro\/wp-json\/wp\/v2\/media\/31203"}],"wp:attachment":[{"href":"https:\/\/evotek.md\/ro\/wp-json\/wp\/v2\/media?parent=31207"}],"curies":[{"name":"wp","href":"https:\/\/api.w.org\/{rel}","templated":true}]}}