{"id":31198,"date":"2022-06-09T09:45:57","date_gmt":"2022-06-09T09:45:57","guid":{"rendered":"https:\/\/evotek.md\/produse\/fara-categorie\/vitrina-frigorifica-pentru-vin\/"},"modified":"2023-03-02T15:55:39","modified_gmt":"2023-03-02T15:55:39","slug":"vitrina-frigorifica-pentru-vin","status":"publish","type":"product","link":"https:\/\/evotek.md\/ro\/produse\/echipamente-frigorifice\/frigidere-pentru-vin\/vitrina-frigorifica-pentru-vin\/","title":{"rendered":"DULAP FRIGORIFIC PENTRU VIN, 55 STICLE -HKN-WNC160CDW"},"content":{"rendered":"<p><strong>DULAP FRIGORIFIC PENTRU VIN, 55 STICLE -HKN-WNC160CDW-<\/strong> Vitrina pentru vinuri este conceput\u0103 pentru r\u0103cirea \u0219i depozitarea vinului \u00een baruri, restaurante, hotele etc.<\/p>\n<p>Caracteristici<br \/>\nCapacitate: 55 sticle<br \/>\nInterval de temperatur\u0103: 5-18\u00b0\u0421<br \/>\nRafturi: 3+6<br \/>\nTermostat reglabil<br \/>\nZone de temperatura: 2<br \/>\nLac\u0103t<br \/>\nUsa cu sticla<br \/>\nCompresor<br \/>\nRafturi din lemn<br \/>\nInaltime: 1262 mm<br \/>\nLungime: 510 mm<br \/>\nLatime: 480 mm<br \/>\nTensiune: 220V<br \/>\nGreutate neta: 43,5 kg<br \/>\nGreutate bruta: 45 kg<br \/>\nPutere: 0,08 kW<br \/>\nTensiune: 220V<br \/>\nGreutate: 43,5 kg<\/p>\n","protected":false},"excerpt":{"rendered":"<p>Vitrin\u0103 frigorific\u0103 pentru vinuri cu capacitatea de 55 sticle; Interval de temperatur\u0103: 5-18\u00b0\u0421; Rafturi: 3+6; Termostat reglabil; Zone de temperatura: 2; Lac\u0103t; Usa cu sticla; Compresor; Rafturi din lemn; Dimensiuni: 510x480x1262 mm; Tensiune: 220V; Greutate neta: 43,5 kg; Greutate bruta: 45 kg; Putere: 0,08 kW; Tensiune: 220V; Greutate: 43,5 kg.<\/p>\n","protected":false},"featured_media":31195,"template":"","meta":[],"_links":{"self":[{"href":"https:\/\/evotek.md\/ro\/wp-json\/wp\/v2\/product\/31198"}],"collection":[{"href":"https:\/\/evotek.md\/ro\/wp-json\/wp\/v2\/product"}],"about":[{"href":"https:\/\/evotek.md\/ro\/wp-json\/wp\/v2\/types\/product"}],"wp:featuredmedia":[{"embeddable":true,"href":"https:\/\/evotek.md\/ro\/wp-json\/wp\/v2\/media\/31195"}],"wp:attachment":[{"href":"https:\/\/evotek.md\/ro\/wp-json\/wp\/v2\/media?parent=31198"}],"curies":[{"name":"wp","href":"https:\/\/api.w.org\/{rel}","templated":true}]}}