{"id":31192,"date":"2022-06-09T09:30:06","date_gmt":"2022-06-09T09:30:06","guid":{"rendered":"https:\/\/evotek.md\/produse\/fara-categorie\/frigider-pentru-vin-hkn-wnc128cw\/"},"modified":"2023-03-02T15:55:21","modified_gmt":"2023-03-02T15:55:21","slug":"frigider-pentru-vin-hkn-wnc128cw","status":"publish","type":"product","link":"https:\/\/evotek.md\/ro\/produse\/echipamente-frigorifice\/frigidere-pentru-vin\/frigider-pentru-vin-hkn-wnc128cw\/","title":{"rendered":"DULAP FRIGORIFIC PENTRU VIN, 51 STICLE -HKN-WNC128CW"},"content":{"rendered":"<p><strong>DULAP FRIGORIFIC PENTRU VIN, 51 STICLE -HKN-WNC128CW-<\/strong> Dulapul frigorfic pentru vinuri este conceput pentru racirea si depozitarea vinului in baruri, restaurante, hotele etc.<\/p>\n<p>Caracteristici<br \/>\nCapacitate: 51 sticle<br \/>\nInterval de temperatur\u0103: 5-18\u00b0\u0421<br \/>\nRafturi: 7<br \/>\nTermostat reglabil<br \/>\nUsa cu sticla<br \/>\nCompresor<br \/>\nrafturi din lemn<br \/>\nInaltime: 848 mm<br \/>\nLungime: 495 mm<br \/>\nLatime: 565 mm<br \/>\nTensiune: 220V<br \/>\nGreutate neta: 34 kg<br \/>\nGreutate bruta: 37 kg<br \/>\nPutere: 0,08 kW<br \/>\nPutere: 0,08 kW<br \/>\nTensiune: 220V<br \/>\nGreutate: 34 kg<\/p>\n","protected":false},"excerpt":{"rendered":"<p>Vitrin\u0103 frigorific\u0103 cu capacitatea de 51 sticle. Interval de temperatur\u0103: 5-18\u00b0\u0421; Rafturi: 7; Termostat reglabil; Usa cu sticla; Compresor<br \/>\nrafturi din lemn; Dimensiuni: 495x565x848 mm; Tensiune: 220V; Greutate neta: 34 kg; Greutate bruta: 37 kg; Putere: 0,08 kW; Putere: 0,08 kW; Tensiune: 220 V; Greutate: 34 kg.<\/p>\n","protected":false},"featured_media":31182,"template":"","meta":[],"_links":{"self":[{"href":"https:\/\/evotek.md\/ro\/wp-json\/wp\/v2\/product\/31192"}],"collection":[{"href":"https:\/\/evotek.md\/ro\/wp-json\/wp\/v2\/product"}],"about":[{"href":"https:\/\/evotek.md\/ro\/wp-json\/wp\/v2\/types\/product"}],"wp:featuredmedia":[{"embeddable":true,"href":"https:\/\/evotek.md\/ro\/wp-json\/wp\/v2\/media\/31182"}],"wp:attachment":[{"href":"https:\/\/evotek.md\/ro\/wp-json\/wp\/v2\/media?parent=31192"}],"curies":[{"name":"wp","href":"https:\/\/api.w.org\/{rel}","templated":true}]}}