{"id":3118,"date":"2020-02-27T07:28:42","date_gmt":"2020-02-27T07:28:42","guid":{"rendered":"https:\/\/evotek.md\/?post_type=product&#038;p=3118"},"modified":"2020-02-27T07:28:43","modified_gmt":"2020-02-27T07:28:43","slug":"marmit-pentru-felul-intai-m-1b-2kr-classic","status":"publish","type":"product","link":"https:\/\/evotek.md\/ro\/produse\/linii-de-distributie\/linie-deservire-classic\/marmit-pentru-felul-intai-m-1b-2kr-classic\/","title":{"rendered":"Marmit pentru felul \u00eent\u00e2i \u00a0M 1B-2KR Classic"},"content":{"rendered":"<p>Marmit pentru \u00eenc\u0103lzirea felului \u00eent\u00e2i de bucate 1B-2KR Classic este folosit pentru mentinerea cald\u0103 a bucatelor preparate.<\/p>\n<p>Arzatoarele sunt echipate cu protectie la supraincalzire, ceea ce garanteaza o durata de exploatare lung\u0103.<\/p>\n<p>Toate arz\u0103toarele sunt \u00eenchise ermetic \u00een panourile superioare de lucru, ceea ce exclude posibilitatea p\u0103trunderii lichidului \u00een interior.<\/p>\n<p>Este posibil\u0103 completarea cu sticl\u0103 fa\u021b\u0103.<\/p>\n<p>Tip de echipament: \u00a0\u00cenc\u0103lzire alimentar\u0103 cu 1 feluri de m\u00e2ncare<\/p>\n<p>Tensiune: 380 V.<\/p>\n<p>Putere: 5,2 kW.<\/p>\n<p>Num\u0103rul de arz\u0103toare: 2 buc.<\/p>\n<p>Dimensiunea arz\u0103torului: d 230 mm.<\/p>\n<p>Dimensiuni: 1100x700x1290 mm.<\/p>\n","protected":false},"excerpt":{"rendered":"<p>Linie de deservire Classic. Marmit pentru felul \u00eent\u00e2i de m\u00e2ncare cu dou\u0103 arz\u0103toare d 230 mm. Tensiune: 380 V. Putere: 5,2 kW.<\/p>\n","protected":false},"featured_media":3117,"template":"","meta":[],"_links":{"self":[{"href":"https:\/\/evotek.md\/ro\/wp-json\/wp\/v2\/product\/3118"}],"collection":[{"href":"https:\/\/evotek.md\/ro\/wp-json\/wp\/v2\/product"}],"about":[{"href":"https:\/\/evotek.md\/ro\/wp-json\/wp\/v2\/types\/product"}],"wp:featuredmedia":[{"embeddable":true,"href":"https:\/\/evotek.md\/ro\/wp-json\/wp\/v2\/media\/3117"}],"wp:attachment":[{"href":"https:\/\/evotek.md\/ro\/wp-json\/wp\/v2\/media?parent=3118"}],"curies":[{"name":"wp","href":"https:\/\/api.w.org\/{rel}","templated":true}]}}