{"id":31175,"date":"2022-06-08T15:00:39","date_gmt":"2022-06-08T15:00:39","guid":{"rendered":"https:\/\/evotek.md\/produse\/fara-categorie\/pahar-termic-pentru-espresso-cu-sticla-dubla-bormioli-65-ml-st-400901\/"},"modified":"2022-06-08T15:00:39","modified_gmt":"2022-06-08T15:00:39","slug":"pahar-termic-pentru-espresso-cu-sticla-dubla-bormioli-65-ml-st-400901","status":"publish","type":"product","link":"https:\/\/evotek.md\/ro\/produse\/accesorii-si-inventar-bucatarie\/vesela-si-tacamuri\/pahare-si-cani-din-sticla\/pahar-termic-pentru-espresso-cu-sticla-dubla-bormioli-65-ml-st-400901\/","title":{"rendered":"PAHAR TERMIC PENTRU ESPRESSO CU STICL\u0102 DUBL\u0102 Bormioli 65 ml. ST-400901"},"content":{"rendered":"<p><strong>PAHAR TERMIC PENTRU ESPRESSO CU STICL\u0102 DUBL\u0102 Bormioli 65 ml. ST-400901-<\/strong>\u00a0Pahare termice cu sticl\u0103 dubl\u0103, realizat\u0103 din sticl\u0103 ultra u\u0219oar\u0103 \u0219i rezistent\u0103 la c\u0103ldur\u0103.<\/p>\n<p>Caracteristici<br \/>\n\u00cen\u0103l\u021bime: 54 mm<br \/>\nDiametru: 61 mm<br \/>\nCapacitate: 0,065 l<br \/>\n\u00cen cutie: 2 buc.<\/p>\n","protected":false},"excerpt":{"rendered":"<p>Pahar termic pentru espresso cu sticl\u0103 dubl\u0103 65 ml. \u00cen\u0103l\u021bime: 54 mm; Diametru: 61 mm; \u00cen cutie: 2 buc.<\/p>\n","protected":false},"featured_media":31174,"template":"","meta":[],"_links":{"self":[{"href":"https:\/\/evotek.md\/ro\/wp-json\/wp\/v2\/product\/31175"}],"collection":[{"href":"https:\/\/evotek.md\/ro\/wp-json\/wp\/v2\/product"}],"about":[{"href":"https:\/\/evotek.md\/ro\/wp-json\/wp\/v2\/types\/product"}],"wp:featuredmedia":[{"embeddable":true,"href":"https:\/\/evotek.md\/ro\/wp-json\/wp\/v2\/media\/31174"}],"wp:attachment":[{"href":"https:\/\/evotek.md\/ro\/wp-json\/wp\/v2\/media?parent=31175"}],"curies":[{"name":"wp","href":"https:\/\/api.w.org\/{rel}","templated":true}]}}