{"id":31168,"date":"2022-06-08T14:46:22","date_gmt":"2022-06-08T14:46:22","guid":{"rendered":"https:\/\/evotek.md\/produse\/fara-categorie\/pahare-termice-pentru-latte-cu-sticla-dubla-bormioli-340-ml-st-400906\/"},"modified":"2022-06-09T10:30:08","modified_gmt":"2022-06-09T10:30:08","slug":"st-400906","status":"publish","type":"product","link":"https:\/\/evotek.md\/ro\/produse\/accesorii-si-inventar-bucatarie\/vesela-si-tacamuri\/pahare-si-cani-din-sticla\/st-400906\/","title":{"rendered":"PAHAR TERMIC PENTRU LATTE CU STICL\u0102 DUBL\u0102 Bormioli 340 ml. ST-400906"},"content":{"rendered":"<p><strong>PAHAR TERMIC PENTRU LATTE CU STICL\u0102 DUBL\u0102 Bormioli 340 ml. ST-400906-<\/strong> Pahare termice cu sticl\u0103 dubl\u0103, realizat\u0103 din sticl\u0103 ultra u\u0219oar\u0103 \u0219i rezistent\u0103 la c\u0103ldur\u0103.<\/p>\n<p>Caracteristici<br \/>\nDiametru: 90 mm<br \/>\nCapacitate: 0,34 l<br \/>\n\u00cen cutie: 2 buc.<\/p>\n","protected":false},"excerpt":{"rendered":"<p>Pahar termic cu sticl\u0103 dubl\u0103 pentru latte, cu capacitatea de 340 ml. Diametru: 90 mm; \u00cen cutie: 2 buc.<\/p>\n","protected":false},"featured_media":31166,"template":"","meta":[],"_links":{"self":[{"href":"https:\/\/evotek.md\/ro\/wp-json\/wp\/v2\/product\/31168"}],"collection":[{"href":"https:\/\/evotek.md\/ro\/wp-json\/wp\/v2\/product"}],"about":[{"href":"https:\/\/evotek.md\/ro\/wp-json\/wp\/v2\/types\/product"}],"wp:featuredmedia":[{"embeddable":true,"href":"https:\/\/evotek.md\/ro\/wp-json\/wp\/v2\/media\/31166"}],"wp:attachment":[{"href":"https:\/\/evotek.md\/ro\/wp-json\/wp\/v2\/media?parent=31168"}],"curies":[{"name":"wp","href":"https:\/\/api.w.org\/{rel}","templated":true}]}}