{"id":31147,"date":"2022-06-08T14:09:14","date_gmt":"2022-06-08T14:09:14","guid":{"rendered":"https:\/\/evotek.md\/produse\/fara-categorie\/sita-pentru-faina-250-mm-st-073250\/"},"modified":"2024-01-19T10:17:08","modified_gmt":"2024-01-19T10:17:08","slug":"sita-pentru-faina-250-mm-st-073250","status":"publish","type":"product","link":"https:\/\/evotek.md\/ro\/produse\/accesorii-si-inventar-bucatarie\/sita-din-inox\/sita-pentru-faina-250-mm-st-073250\/","title":{"rendered":"SIT\u0102 PENTRU F\u0102IN\u0102 250 mm ST-073250"},"content":{"rendered":"<p><strong>SIT\u0102 PENTRU F\u0102IN\u0102 250 mm ST-073250<\/strong>&#8211; Sita pentru f\u0103in\u0103 este realizat\u0103 din o\u021bel inoxidabil, rezistent\u0103 la coroziune, la deterior\u0103ri mecanice \u0219i u\u0219or de cur\u0103\u021bat. Datorit\u0103 acestor caracteristici, sita este u\u0219or de cur\u0103\u021bat, ceea ce este foarte important \u00een contact direct cu alimentele.<\/p>\n<p>Caracteristici<br \/>\nMaterial de executie: otel inoxidabil<br \/>\nInaltime: 75 mm<br \/>\nDiametru: 250 mm<br \/>\nDimensiunea celulei este de aproximativ 0,9 \u043c\u043c.<\/p>\n","protected":false},"excerpt":{"rendered":"<p>Sit\u0103 pentru f\u0103in\u0103 \u2300250 mm. Material de executie: otel inoxidabil; Inaltime: 75 mm; Diametru: 250 mm; Dimensiunea celulei este de aproximativ 0,9 \u043c\u043c.<\/p>\n","protected":false},"featured_media":31146,"template":"","meta":[],"_links":{"self":[{"href":"https:\/\/evotek.md\/ro\/wp-json\/wp\/v2\/product\/31147"}],"collection":[{"href":"https:\/\/evotek.md\/ro\/wp-json\/wp\/v2\/product"}],"about":[{"href":"https:\/\/evotek.md\/ro\/wp-json\/wp\/v2\/types\/product"}],"wp:featuredmedia":[{"embeddable":true,"href":"https:\/\/evotek.md\/ro\/wp-json\/wp\/v2\/media\/31146"}],"wp:attachment":[{"href":"https:\/\/evotek.md\/ro\/wp-json\/wp\/v2\/media?parent=31147"}],"curies":[{"name":"wp","href":"https:\/\/api.w.org\/{rel}","templated":true}]}}