{"id":31141,"date":"2022-06-08T13:54:48","date_gmt":"2022-06-08T13:54:48","guid":{"rendered":"https:\/\/evotek.md\/produse\/fara-categorie\/set-site-pentru-faina-%e2%8c%80210-mm-st-073210\/"},"modified":"2024-01-19T10:02:47","modified_gmt":"2024-01-19T10:02:47","slug":"set-site-pentru-faina-%e2%8c%80210-mm-st-073210","status":"publish","type":"product","link":"https:\/\/evotek.md\/ro\/produse\/accesorii-si-inventar-bucatarie\/sita-din-inox\/set-site-pentru-faina-%e2%8c%80210-mm-st-073210\/","title":{"rendered":"SET DIN 4 SITE PENTRU F\u0102IN\u0102 \u00d8210 mm ST-073210"},"content":{"rendered":"<p><strong>SET DIN 4 SITE PENTRU F\u0102IN\u0102 \u00d8210 mm ST-073210-<\/strong> Este imposibil s\u0103-\u021bi imaginezi lucrul \u00een buc\u0103t\u0103rie f\u0103r\u0103 ustensile elementare precum diferite tipuri de site \u0219i strecur\u0103toare. Acestea sunt ustensile necesare at\u00e2t \u00een \u200b\u200bgastronomia profesional\u0103, c\u00e2t \u0219i \u00een gospod\u0103rie.<\/p>\n<p>Setul const\u0103 din 4 site din o\u021bel inoxidabil, rezistente la coroziune, rezistente la deterior\u0103ri mecanice \u0219i u\u0219or de cur\u0103\u021bat. Datorit\u0103 acestor caracteristici, sitele sunt u\u0219or de cur\u0103\u021bat, ceea ce este foarte important \u00een contact direct cu alimentele.<\/p>\n<p>Caracteristici<br \/>\nMaterial de executie: otel inoxidabil<br \/>\nDiametru: 210 mm<br \/>\nDimensiunile orificiilor sitelor sunt de aproximativ 0,75&#215;0,75 mm, 1&#215;1 mm, 2&#215;2 mm \u0219i 3&#215;3 mm<\/p>\n","protected":false},"excerpt":{"rendered":"<p>Set din 4 site pentru f\u0103in\u0103 \u00d8210 mm. Material de executie: otel inoxidabil; Diametru: 210 mm; Dimensiunile ochiurilor sitelor sunt de aproximativ 0,75&#215;0,75 mm, 1&#215;1 mm, 2&#215;2 mm \u0219i 3&#215;3 mm.<\/p>\n","protected":false},"featured_media":31140,"template":"","meta":[],"_links":{"self":[{"href":"https:\/\/evotek.md\/ro\/wp-json\/wp\/v2\/product\/31141"}],"collection":[{"href":"https:\/\/evotek.md\/ro\/wp-json\/wp\/v2\/product"}],"about":[{"href":"https:\/\/evotek.md\/ro\/wp-json\/wp\/v2\/types\/product"}],"wp:featuredmedia":[{"embeddable":true,"href":"https:\/\/evotek.md\/ro\/wp-json\/wp\/v2\/media\/31140"}],"wp:attachment":[{"href":"https:\/\/evotek.md\/ro\/wp-json\/wp\/v2\/media?parent=31141"}],"curies":[{"name":"wp","href":"https:\/\/api.w.org\/{rel}","templated":true}]}}