{"id":31116,"date":"2022-06-08T12:56:02","date_gmt":"2022-06-08T12:56:02","guid":{"rendered":"https:\/\/evotek.md\/produse\/fara-categorie\/recipient-din-polipropilen-gn-1-2-h-100-mm-st-162102\/"},"modified":"2022-08-30T10:51:21","modified_gmt":"2022-08-30T10:51:21","slug":"recipient-din-polipropilen-gn-1-2-h-100-mm-st-162102","status":"publish","type":"product","link":"https:\/\/evotek.md\/ro\/produse\/accesorii-si-inventar-bucatarie\/recipiente-din-polipropilena\/recipient-din-polipropilen-gn-1-2-h-100-mm-st-162102\/","title":{"rendered":"CONTAINER DIN POLIPROPILEN GN1\/2 h-100 mm -ST-162102"},"content":{"rendered":"<p><strong>CONTAINER DIN POLIPROPILEN GN1\/2 h-100 mm -ST-162102<\/strong>&#8211; Pentru a servi si depozita alimentele in siguranta, convenabil si frumos, este necesar ustensile potrivite.\u00a0Containerul GN 1\/2 cu inaltimea de 100 mm este realizat din polipropilena de inalta calitate. Acest material nu absoarbe mirosuri \u0219i gusturi, a\u0219a c\u0103 pute\u021bi stoca diferite produse \u00eentr-un singur vas f\u0103r\u0103 a v\u0103 teme c\u0103 vor fi absorbite cu o arom\u0103 diferit\u0103. Vasul poate fi folosit la temperaturi de la -5\u00b0C la 70\u00b0C. Marginile rotunjite m\u0103resc siguran\u021ba \u00een utilizare \u0219i fac cur\u0103\u021barea mai u\u0219oar\u0103. Capacitatea GN este similar\u0103. Recipientul nu se folose\u0219te \u00een cuptor c abur sau bain marie.<\/p>\n<p>Caracteristici<br \/>\nLatime: 325 mm<br \/>\nAd\u00e2ncime: 265 mm<br \/>\nInaltime: 100 mm<br \/>\nCapacitate: 6 l<br \/>\nTemperatura minima: -5 \u00b0C<br \/>\nTemperatura: 70 \u00b0C<br \/>\nMaterial de executie: polipropilena<br \/>\nDimensiunea foii: GN 1\/2<\/p>\n","protected":false},"excerpt":{"rendered":"<p>Recipient din polipropilen\u0103 GN 1\/2, h-100 mm. Latime: 325 mm; Ad\u00e2ncime: 265 mm; Inaltime: 100 mm; Capacitate: 6 l; Temperatura minima: -5 \u00b0C; Temperatura: 70 \u00b0C; Material de executie: polipropilena; Dimensiunea foii: GN 1\/2.<\/p>\n","protected":false},"featured_media":31114,"template":"","meta":[],"_links":{"self":[{"href":"https:\/\/evotek.md\/ro\/wp-json\/wp\/v2\/product\/31116"}],"collection":[{"href":"https:\/\/evotek.md\/ro\/wp-json\/wp\/v2\/product"}],"about":[{"href":"https:\/\/evotek.md\/ro\/wp-json\/wp\/v2\/types\/product"}],"wp:featuredmedia":[{"embeddable":true,"href":"https:\/\/evotek.md\/ro\/wp-json\/wp\/v2\/media\/31114"}],"wp:attachment":[{"href":"https:\/\/evotek.md\/ro\/wp-json\/wp\/v2\/media?parent=31116"}],"curies":[{"name":"wp","href":"https:\/\/api.w.org\/{rel}","templated":true}]}}