{"id":3111,"date":"2020-02-26T16:00:41","date_gmt":"2020-02-26T16:01:56","guid":{"rendered":"https:\/\/evotek.md\/?post_type=product&#038;p=3111"},"modified":"2023-07-11T11:46:15","modified_gmt":"2023-07-11T11:46:15","slug":"masina-automata-de-umplut-carnati-hkn-ise10","status":"publish","type":"product","link":"https:\/\/evotek.md\/ro\/produse\/echipamente-electromecanice\/masina-de-umplut-carnati\/masina-automata-de-umplut-carnati-hkn-ise10\/","title":{"rendered":"MASINA DE UMPLUT CARNATI, ELECTRICA, 10 LITRI (vertical) -HKN-ISE10"},"content":{"rendered":"<p><strong>MASINA DE UMPLUT CARNATI, ELECTRICA, 10 LITRI (vertical) -HKN-ISE10-<\/strong> Este destinat form\u0103rii c\u00e2rna\u021bilor folosind carne tocat\u0103 preparat\u0103. Toate elementele de baz\u0103 sunt fabricate din inox de \u00eenalt\u0103 calitate. Capacitatea recipientului pentru carne tocat\u0103, de asemenea din o\u021bel inoxidabil, este de 10 de litri. Datorit\u0103 sistemului unic de extrudare, pistonul revine rapid la pozi\u021bia ini\u021bial\u0103, ceea ce gr\u0103be\u0219te foarte mult procesul de umplere a seringii. Control automat. Include 4 duze din o\u021bel inoxidabil cu diametre: 38, 32, 22 \u0219i 16 mm. Ideal pentru a fi utilizat \u00een buc\u0103t\u0103riile casnice sau profesionale ale hotelurilor, restaurantelor \u0219i cantinelor.<\/p>\n<p>Caracteristici<\/p>\n<p>Brand Hurakan<\/p>\n<p>Parametri: 700x415x315 mm<\/p>\n<p>Putere: 0, 12 kW<\/p>\n<p>Greutate net\u0103: 32,5 kg<\/p>\n<p>&nbsp;<\/p>\n<p>&nbsp;<\/p>\n","protected":false},"excerpt":{"rendered":"<p>Ma\u0219in\u0103 automat\u0103 de umplut c\u00e2rna\u021bi, cu capacitatea recipientului pentru carne tocat\u0103 de 10 litri. Modelul are dimensiuni de 700x415x315 mm. Putere: 0, 12 Kw. Greutate &#8211; 32,5 kg.<\/p>\n","protected":false},"featured_media":3110,"template":"","meta":[],"_links":{"self":[{"href":"https:\/\/evotek.md\/ro\/wp-json\/wp\/v2\/product\/3111"}],"collection":[{"href":"https:\/\/evotek.md\/ro\/wp-json\/wp\/v2\/product"}],"about":[{"href":"https:\/\/evotek.md\/ro\/wp-json\/wp\/v2\/types\/product"}],"wp:featuredmedia":[{"embeddable":true,"href":"https:\/\/evotek.md\/ro\/wp-json\/wp\/v2\/media\/3110"}],"wp:attachment":[{"href":"https:\/\/evotek.md\/ro\/wp-json\/wp\/v2\/media?parent=3111"}],"curies":[{"name":"wp","href":"https:\/\/api.w.org\/{rel}","templated":true}]}}