{"id":31108,"date":"2022-06-08T12:32:20","date_gmt":"2022-06-08T12:32:20","guid":{"rendered":"https:\/\/evotek.md\/produse\/fara-categorie\/tocator-negru-325x265x12-mm-st-341327\/"},"modified":"2022-06-08T12:32:20","modified_gmt":"2022-06-08T12:32:20","slug":"tocator-negru-325x265x12-mm-st-341327","status":"publish","type":"product","link":"https:\/\/evotek.md\/ro\/produse\/accesorii-si-inventar-bucatarie\/tocatoare-pentru-bucatarie\/tocator-negru-325x265x12-mm-st-341327\/","title":{"rendered":"TOC\u0102TOR NEGRU 325x265x12 mm -ST-341327"},"content":{"rendered":"<p><strong>TOC\u0102TOR NEGRU 325x265x12 mm -ST-341327<\/strong>&#8211; Plasticul alimentar gros este rezistent la temperaturi ridicate, la abraziunea suprafe\u021bei de lucru \u0219i la zg\u00e2rieturi. Datorit\u0103 plasticului de \u00eenalt\u0103 calitate alimentele nu intr\u0103 \u00een porii materialului, \u00eempiedic\u00e2nd astfel probabilitatea \u00eenmul\u021birii bacteriilor.<\/p>\n<p>Culoarea neagr\u0103 este pentru barbeque \u0219i sushi.<\/p>\n<p>Caracteristici<br \/>\nLatime: 325 mm<br \/>\nAd\u00e2ncime: 265 mm<br \/>\nGrosime: 12 mm<br \/>\nMaterial de executie: polipropilena<br \/>\nCuloare neagr\u0103<\/p>\n","protected":false},"excerpt":{"rendered":"<p>Toc\u0103tor GN 1\/2 negru. Parametri: 325x265x12 mm; Material de executie: polipropilena; Culoarea neagr\u0103 este pentru barbeque \u0219i sushi.<\/p>\n","protected":false},"featured_media":31107,"template":"","meta":[],"_links":{"self":[{"href":"https:\/\/evotek.md\/ro\/wp-json\/wp\/v2\/product\/31108"}],"collection":[{"href":"https:\/\/evotek.md\/ro\/wp-json\/wp\/v2\/product"}],"about":[{"href":"https:\/\/evotek.md\/ro\/wp-json\/wp\/v2\/types\/product"}],"wp:featuredmedia":[{"embeddable":true,"href":"https:\/\/evotek.md\/ro\/wp-json\/wp\/v2\/media\/31107"}],"wp:attachment":[{"href":"https:\/\/evotek.md\/ro\/wp-json\/wp\/v2\/media?parent=31108"}],"curies":[{"name":"wp","href":"https:\/\/api.w.org\/{rel}","templated":true}]}}