{"id":31096,"date":"2022-06-08T11:20:44","date_gmt":"2022-06-08T11:20:44","guid":{"rendered":"https:\/\/evotek.md\/?post_type=product&#038;p=31096"},"modified":"2023-05-16T07:15:44","modified_gmt":"2023-05-16T07:15:44","slug":"mec-l-834-1b-di","status":"publish","type":"product","link":"https:\/\/evotek.md\/ro\/produse\/echipamente-termice\/dospitor\/mec-l-834-1b-di\/","title":{"rendered":"DOSPITOR 8 NIVELE, DIGITAL GN 2\/3 -MEC- L834.1B-DI"},"content":{"rendered":"<p><strong>DOSPITOR 8 NIVELE, DIGITAL GN 2\/3 -MEC- L834.1B-DI-\u00a0 <\/strong>Dospitorul se folose\u0219te la unit\u0103\u021bile de alimenta\u021bie public\u0103, \u00een brut\u0103rii \u0219i cofet\u0103rii pentru dospirea buc\u0103\u021bilor de aluat, timp \u00een care aluatul cre\u0219te \u00een volum \u0219i cap\u0103t\u0103 o suprafa\u021b\u0103 plan\u0103, porozitatea acestuia este restaurat\u0103. Modelul este echipat cu un motor cu invertor automat al ventilatorului. Carcasa \u0219i interiorul sunt realizate din inox.<\/p>\n<p>Facilit\u0103\u021bi: Reglarea fluxului de aer direct; Interior iluminat cu l\u0103mpi cu halogen; Camer\u0103 cu col\u021buri rotunjite pentru o cur\u0103\u021bare u\u0219oar\u0103; U\u0219\u0103 din material presat.<\/p>\n<p>Caracteristici<br \/>\nTip echipament: electric<br \/>\nTip recipiente: recipiente gastronorm GN 2\/3, tavi 450\u00d7340 mm<br \/>\nControl: digital<br \/>\nTip de instalare: pe podea<br \/>\nNumar de niveluri: 8<br \/>\nDistan\u021ba dintre nivele: 75 mm<br \/>\nTemperatura maxim\u0103 \u00een interiorul camerei: 60 \u00b0C<br \/>\nTip dovator: cu tavi<br \/>\nLatime: 600 mm<br \/>\nAd\u00e2ncime: 690 mm<br \/>\nInaltime: 860 mm<br \/>\nGreutate neta: 40 kg<br \/>\nPutere: 2,0 kW<br \/>\nSistem de alimentare: 220\/1N\/50V\/F\/Hz<\/p>\n","protected":false},"excerpt":{"rendered":"<p>Dospitor cu 8 nivele (digital). Tip echipament: electric; Tip recipiente: recipiente gastronorm GN 2\/3, tavi 450\u00d7340 mm; Control: digital; Tip de instalare: pe podea; Numar de niveluri: 8; Distan\u021ba dintre nivele: 75 mm; Temperatura maxim\u0103 \u00een interiorul camerei: 60 \u00b0C; Tip dovator: cu tavi; Parametri: 600x690x860 mm; Greutate neta: 40 kg; Putere: 2,0 kW; Sistem de alimentare: 220\/1N\/50V\/F\/Hz.<\/p>\n","protected":false},"featured_media":31098,"template":"","meta":[],"_links":{"self":[{"href":"https:\/\/evotek.md\/ro\/wp-json\/wp\/v2\/product\/31096"}],"collection":[{"href":"https:\/\/evotek.md\/ro\/wp-json\/wp\/v2\/product"}],"about":[{"href":"https:\/\/evotek.md\/ro\/wp-json\/wp\/v2\/types\/product"}],"wp:featuredmedia":[{"embeddable":true,"href":"https:\/\/evotek.md\/ro\/wp-json\/wp\/v2\/media\/31098"}],"wp:attachment":[{"href":"https:\/\/evotek.md\/ro\/wp-json\/wp\/v2\/media?parent=31096"}],"curies":[{"name":"wp","href":"https:\/\/api.w.org\/{rel}","templated":true}]}}