{"id":31093,"date":"2022-06-08T11:13:50","date_gmt":"2022-06-08T11:13:50","guid":{"rendered":"https:\/\/evotek.md\/produse\/fara-categorie\/set-de-tocatoare-st-341320\/"},"modified":"2022-06-08T12:36:05","modified_gmt":"2022-06-08T12:36:05","slug":"set-de-tocatoare-st-341320","status":"publish","type":"product","link":"https:\/\/evotek.md\/ro\/produse\/accesorii-si-inventar-bucatarie\/tocatoare-pentru-bucatarie\/set-de-tocatoare-st-341320\/","title":{"rendered":"SET DE 6 TOC\u0102TOARE 325&#215;176 mm ST-341320"},"content":{"rendered":"<p><strong>SET DE 6 TOC\u0102TOARE 325&#215;176 mm ST-341320<\/strong>&#8211; Un set de toc\u0103toare profesionale HACCP fabricate de Stalgast din polipropilen\u0103. Toc\u0103toarele ofer\u0103 cel mai \u00eenalt standard de siguran\u021b\u0103 \u00een contactul cu alimentele. Toate toc\u0103toarele sunt GN 1\/2.<\/p>\n<p>\u00cen set sunt 6 toc\u0103toare: ro\u0219u, verde, galben, albastru, alb \u0219i maro.<\/p>\n<p>Caracteristici<br \/>\nParametri: 325&#215;176 mm<br \/>\nMaterial de executie: polipropilena<br \/>\nPoate fi spalat in masina de spalat vase<\/p>\n","protected":false},"excerpt":{"rendered":"<p>Set de 6 toc\u0103toare HACCP GN 1\/2. Parametri: 325&#215;176 mm; Material de executie: polipropilena; Poate fi spalat in masina de spalat vase.<\/p>\n","protected":false},"featured_media":31092,"template":"","meta":[],"_links":{"self":[{"href":"https:\/\/evotek.md\/ro\/wp-json\/wp\/v2\/product\/31093"}],"collection":[{"href":"https:\/\/evotek.md\/ro\/wp-json\/wp\/v2\/product"}],"about":[{"href":"https:\/\/evotek.md\/ro\/wp-json\/wp\/v2\/types\/product"}],"wp:featuredmedia":[{"embeddable":true,"href":"https:\/\/evotek.md\/ro\/wp-json\/wp\/v2\/media\/31092"}],"wp:attachment":[{"href":"https:\/\/evotek.md\/ro\/wp-json\/wp\/v2\/media?parent=31093"}],"curies":[{"name":"wp","href":"https:\/\/api.w.org\/{rel}","templated":true}]}}