{"id":31079,"date":"2022-06-08T08:24:55","date_gmt":"2022-06-08T08:24:55","guid":{"rendered":"https:\/\/evotek.md\/produse\/fara-categorie\/capac-pentru-tave-gastronomice-gn-1-4-m-09367753\/"},"modified":"2022-09-23T14:10:05","modified_gmt":"2022-09-23T14:10:05","slug":"capac-pentru-tave-gastronomice-gn-1-4-m-09367753","status":"publish","type":"product","link":"https:\/\/evotek.md\/ro\/produse\/accesorii-si-inventar-bucatarie\/containere-gn\/capac-pentru-tave-gastronomice-gn-1-4-m-09367753\/","title":{"rendered":"CAPAC PENTRU CONTAINER INOX GN 1\/4 M-09367753"},"content":{"rendered":"<p><strong>CAPAC PENTRU CONTAINER INOX GN 1\/4 M-09367753-<\/strong> Capac GN de \u200b\u200bcalitate superioar\u0103 cu ad\u00e2ncitur\u0103 pentru m\u00e2ner. Poate fi spalat \u00een masina de spalat vase.<\/p>\n<p>Caracteristici<br \/>\nPotrivit pentru cuptoare cu abur, bain marie \u0219i frigidere<br \/>\nU\u0219or de cur\u0103\u021bat datorit\u0103 suprafe\u021bei netede<br \/>\nMargini rulate \u0219i col\u021buri rotunjite pentru o durabilitate sporit\u0103<br \/>\nU\u0219or \u0219i sigur de utilizat datorit\u0103 col\u021burilor \u0219i marginilor prelucrate<br \/>\nRespect\u0103 cerin\u021bele europene de siguran\u021b\u0103 alimentar\u0103<br \/>\nO\u021bel inoxidabil de 0,6 mm de \u00eenalt\u0103 calitate, potrivit pentru uz profesional.<br \/>\nDimensiunea gastronorm este gravata pe produs<br \/>\nRezist\u0103 la temperaturi de la -40\u00b0C p\u00e2n\u0103 la 300\u00b0C<br \/>\nAcest produs poate fi sp\u0103lat vase<br \/>\nDimensiune gastronorm: 1\/4 GN<br \/>\nDimensiuni: 265&#215;162 mm<\/p>\n","protected":false},"excerpt":{"rendered":"<p>Capac pentru tave gastronomice 1\/4 cu ad\u00e2ncitur\u0103 pentru m\u00e2ner. Rezist\u0103 la temperaturi de la -40\u00b0C p\u00e2n\u0103 la 300\u00b0C; Acest produs poate fi sp\u0103lat vase; Dimensiune gastronorm: 1\/4 GN; Dimensiuni: 265&#215;162 mm.<\/p>\n","protected":false},"featured_media":31076,"template":"","meta":[],"_links":{"self":[{"href":"https:\/\/evotek.md\/ro\/wp-json\/wp\/v2\/product\/31079"}],"collection":[{"href":"https:\/\/evotek.md\/ro\/wp-json\/wp\/v2\/product"}],"about":[{"href":"https:\/\/evotek.md\/ro\/wp-json\/wp\/v2\/types\/product"}],"wp:featuredmedia":[{"embeddable":true,"href":"https:\/\/evotek.md\/ro\/wp-json\/wp\/v2\/media\/31076"}],"wp:attachment":[{"href":"https:\/\/evotek.md\/ro\/wp-json\/wp\/v2\/media?parent=31079"}],"curies":[{"name":"wp","href":"https:\/\/api.w.org\/{rel}","templated":true}]}}