{"id":3106,"date":"2020-02-26T15:51:36","date_gmt":"2020-02-26T15:52:49","guid":{"rendered":"https:\/\/evotek.md\/?post_type=product&#038;p=3106"},"modified":"2023-03-09T08:28:49","modified_gmt":"2023-03-09T08:28:49","slug":"set-de-duze-pentru-masina-de-umplut-carnati-hkn-isv","status":"publish","type":"product","link":"https:\/\/evotek.md\/ro\/produse\/echipamente-electromecanice\/masina-de-umplut-carnati\/set-de-duze-pentru-masina-de-umplut-carnati-hkn-isv\/","title":{"rendered":"SET DE DUZE PENTRU MASINA DE UMPLUT CARNATI -HKN-ISV"},"content":{"rendered":"<p><strong>SET DE DUZE PENTRU MASINA DE UMPLUT CARNATI -HKN-ISV- \u00a0<\/strong>confec\u021bionate din inox. Setul include 4 duze cu diametre diferite: 3,8 mm, 2,5 mm, 1,9 mm, 1,5 mm.<\/p>\n<p>Caracteristici<br \/>\n4 duze din otel inoxidabil o\u021bel (diametru: 3,8; 2,5; 1,9; 1,5 cm)<br \/>\nGreutate neta: 0,35 kg<br \/>\nDimensiuni pachet (\u00cel\u00d7L\u00d7A) 120x120x290 mm<\/p>\n","protected":false},"excerpt":{"rendered":"<p>Set de duze pentru ma\u0219in\u0103 de umplut c\u00e2rna\u021bi din inox cu dimensiunile: 3,8; 2,5; 1,9; 1,5 cm; Greutate neta: 0,35 kg; Dimensiuni pachet (\u00cel\u00d7L\u00d7A) 120x120x290 mm.<\/p>\n","protected":false},"featured_media":3105,"template":"","meta":[],"_links":{"self":[{"href":"https:\/\/evotek.md\/ro\/wp-json\/wp\/v2\/product\/3106"}],"collection":[{"href":"https:\/\/evotek.md\/ro\/wp-json\/wp\/v2\/product"}],"about":[{"href":"https:\/\/evotek.md\/ro\/wp-json\/wp\/v2\/types\/product"}],"wp:featuredmedia":[{"embeddable":true,"href":"https:\/\/evotek.md\/ro\/wp-json\/wp\/v2\/media\/3105"}],"wp:attachment":[{"href":"https:\/\/evotek.md\/ro\/wp-json\/wp\/v2\/media?parent=3106"}],"curies":[{"name":"wp","href":"https:\/\/api.w.org\/{rel}","templated":true}]}}