{"id":31048,"date":"2022-06-07T14:26:06","date_gmt":"2022-06-07T14:26:06","guid":{"rendered":"https:\/\/evotek.md\/produse\/fara-categorie\/lichid-pentrui-clatire-maxima-ultra-shine-5-l-m-09210430\/"},"modified":"2022-06-07T14:26:06","modified_gmt":"2022-06-07T14:26:06","slug":"lichid-pentrui-clatire-maxima-ultra-shine-5-l-m-09210430","status":"publish","type":"product","link":"https:\/\/evotek.md\/ro\/produse\/solutii-pentru-curatare\/solutii-pentru-spalare-vase\/lichid-pentrui-clatire-maxima-ultra-shine-5-l-m-09210430\/","title":{"rendered":"LICHID PENTRUI CLATIRE Maxima Ultra Shine 5 L M-09210430"},"content":{"rendered":"<p><strong>LICHID PENTRUI CLATIRE Maxima Ultra Shine 5 L M-09210430-<\/strong> Agent de cl\u0103tire spumant neutru concentrat pentru toate ma\u0219inile de sp\u0103lat vase. Numai pentru uz profesional. Agent de cl\u0103tire pentru faza de cl\u0103tire \u00een toate tipurile de ma\u0219ini de sp\u0103lat vase profesionale. Maxima Ultra Shine Liquid Rinse Reduce tensiunea superficial\u0103 a apei, permi\u021b\u00e2nd sticlei \u0219i altor recipiente s\u0103 se usuce rapid \u0219i eficient, f\u0103r\u0103 a l\u0103sa urme sau str\u0103lucire. Produsul ac\u021bioneaz\u0103 \u0219i ca antispumant atunci c\u00e2nd apa de cl\u0103tire este amestecat\u0103 cu apa din c\u0103zile de sp\u0103lare. Maxima Ultra Shine Liquid Rinse Levittown este inodor, f\u0103r\u0103 gust, complet biodegradabil \u0219i complet sigur de utilizat.<\/p>\n<p><strong>Avantaje:<\/strong><br \/>\n&#8211; Nu lasa miros sau gust<br \/>\n&#8211; F\u0103r\u0103 dungi \u0219i urme de spum\u0103!<br \/>\n&#8211; De utilizat econom \u00een doz\u0103 mic\u0103<\/p>\n<p><strong>Instruc\u021biuni:<\/strong><br \/>\nDozarea are loc folosind echipamente de dozare, interne sau externe ma\u0219inii dumneavoastr\u0103 de sp\u0103lat vase.<br \/>\nConsumul este de doar 0,2 grame pe litru.<br \/>\nValoare pH: 1,5<\/p>\n","protected":false},"excerpt":{"rendered":"<p>Lichid pentru cl\u0103tire Maxima Ultra Shine 5 litri. Dozarea are loc folosind echipamente de dozare, interne sau externe ma\u0219inii dumneavoastr\u0103 de sp\u0103lat vase; Consumul este de doar 0,2 grame pe litru; Valoare pH: 1,5.<\/p>\n","protected":false},"featured_media":31046,"template":"","meta":[],"_links":{"self":[{"href":"https:\/\/evotek.md\/ro\/wp-json\/wp\/v2\/product\/31048"}],"collection":[{"href":"https:\/\/evotek.md\/ro\/wp-json\/wp\/v2\/product"}],"about":[{"href":"https:\/\/evotek.md\/ro\/wp-json\/wp\/v2\/types\/product"}],"wp:featuredmedia":[{"embeddable":true,"href":"https:\/\/evotek.md\/ro\/wp-json\/wp\/v2\/media\/31046"}],"wp:attachment":[{"href":"https:\/\/evotek.md\/ro\/wp-json\/wp\/v2\/media?parent=31048"}],"curies":[{"name":"wp","href":"https:\/\/api.w.org\/{rel}","templated":true}]}}