{"id":3101,"date":"2020-02-26T15:40:38","date_gmt":"2020-02-26T15:41:36","guid":{"rendered":"https:\/\/evotek.md\/?post_type=product&#038;p=3101"},"modified":"2023-03-09T08:41:15","modified_gmt":"2023-03-09T08:41:15","slug":"masina-automata-de-umplut-carnati-hkn-isv3","status":"publish","type":"product","link":"https:\/\/evotek.md\/ro\/produse\/echipamente-electromecanice\/masina-de-umplut-carnati\/masina-automata-de-umplut-carnati-hkn-isv3\/","title":{"rendered":"MASINA DE UMPLUT CARNATI, MANUALA, 3 LITRI (vertical) -HKN-ISV3"},"content":{"rendered":"<p><strong>MASINA DE UMPLUT CARNATI, MANUALA, 3 LITRI (vertical) -HKN-ISV3<\/strong>&#8211; Este destinat form\u0103rii c\u00e2rna\u021bilor folosind carne tocat\u0103 preparat\u0103. Toate elementele de baz\u0103 sunt fabricate din inox de \u00eenalt\u0103 calitate. Capacitatea recipientului pentru carne tocat\u0103, de asemenea din o\u021bel inoxidabil, este de 3 de litri. Datorit\u0103 sistemului unic de extrudare, pistonul revine rapid la pozi\u021bia ini\u021bial\u0103, ceea ce gr\u0103be\u0219te foarte mult procesul de umplere a seringii. 2 viteze de piston. Include 4 duze cu diametre 38, 25, 19 \u0438 15 mm. Ideal pentru a fi utilizat \u00een buc\u0103t\u0103riile casnice sau profesionale ale hotelurilor, restaurantelor \u0219i cantinelor.<\/p>\n<p>Caracteristici<\/p>\n<p>Brand Hurakan<\/p>\n<p>Parametri: 550x330x305 mm<\/p>\n<p>Greutate net\u0103: 11 kg<\/p>\n<p>&nbsp;<\/p>\n","protected":false},"excerpt":{"rendered":"<p>Ma\u0219in\u0103 de umplut c\u00e2rna\u021bi, cu capacitatea recipientului pentru carne tocat\u0103 de 3 litri. Modelul are dimensiuni de 550x330x305 mm. Greutate \u2013 11 kg.<\/p>\n","protected":false},"featured_media":3100,"template":"","meta":[],"_links":{"self":[{"href":"https:\/\/evotek.md\/ro\/wp-json\/wp\/v2\/product\/3101"}],"collection":[{"href":"https:\/\/evotek.md\/ro\/wp-json\/wp\/v2\/product"}],"about":[{"href":"https:\/\/evotek.md\/ro\/wp-json\/wp\/v2\/types\/product"}],"wp:featuredmedia":[{"embeddable":true,"href":"https:\/\/evotek.md\/ro\/wp-json\/wp\/v2\/media\/3100"}],"wp:attachment":[{"href":"https:\/\/evotek.md\/ro\/wp-json\/wp\/v2\/media?parent=3101"}],"curies":[{"name":"wp","href":"https:\/\/api.w.org\/{rel}","templated":true}]}}