{"id":30931,"date":"2022-06-07T09:58:45","date_gmt":"2022-06-07T09:58:45","guid":{"rendered":"https:\/\/evotek.md\/produse\/fara-categorie\/bain-marie-cu-robinet-1x-1-1-gn-m-09300004\/"},"modified":"2022-06-07T09:58:45","modified_gmt":"2022-06-07T09:58:45","slug":"bain-marie-cu-robinet-1x-1-1-gn-m-09300004","status":"publish","type":"product","link":"https:\/\/evotek.md\/ro\/produse\/echipamente-termice\/bain-marie\/bain-marie-cu-robinet-1x-1-1-gn-m-09300004\/","title":{"rendered":"BAIN MARIE CU ROBINET 1x 1\/1 GN M-09300004"},"content":{"rendered":"<p><strong>BAIN MARIE CU ROBINET 1x 1\/1 GN M-09300004<\/strong>&#8211; Bain Marie Maxima cu robinet este realizat din inox (otel inoxidabil). Acest \u00eenc\u0103lzitor Maxima este foarte frumos finisat \u0219i are un design perfect confortabil. \u00cen plus, este echipat cu o macara. Acest Bain Maria Maxima Bain Marie cu robinet are patru picioare de cauciuc pentru a-l men\u021bine stabil \u00een buc\u0103t\u0103rie f\u0103r\u0103 s\u0103 cad\u0103 sau s\u0103 se mi\u0219te. De asemenea, \u00eel pute\u021bi cur\u0103\u021ba foarte u\u0219or pentru a-l men\u021bine ca nou de fiecare dat\u0103. Bine de \u0219tiut: Exist\u0103 indicatori de temperatur\u0103 pe baia de ap\u0103.<\/p>\n<p>Caracteristici<br \/>\nBain-marie complet din otel inoxidabil<br \/>\nF\u0103r\u0103 sudur\u0103, f\u0103r\u0103 margine interioar\u0103<br \/>\n1x recipient 1\/1 GN<br \/>\nEchipat cu supap\u0103 de scurgere<br \/>\ntermostat reglabil<br \/>\nInterval de temperatur\u0103 45 &#8211; 90 de grade<br \/>\nIndicatori de temperatur\u0103<br \/>\nSt\u0103 pe 4 picioare de cauciuc<br \/>\nButon de alimentare protejat<br \/>\nFoarte usor de curatat<br \/>\nPentru containere GN de \u200b\u200bp\u00e2n\u0103 la 150 (h) mm<br \/>\nStandard f\u0103r\u0103 containere GN<br \/>\nGreutate neta: 8 kg<br \/>\nDimensiuni: H248 x L338 x D540 mm<br \/>\nConexiune: 230V\/50Hz\/1 faza 1200W<\/p>\n","protected":false},"excerpt":{"rendered":"<p>Bain-marie cu robinet complet din otel inoxidabil, cu <span style=\"font-size: 14.4px\">GN <\/span><span style=\"font-size: 14.4px\">1x 1\/1. <\/span><span style=\"font-size: 14.4px\">F\u0103r\u0103 sudur\u0103, f\u0103r\u0103 margine interioar\u0103; <\/span><span style=\"font-size: 14.4px\">1x recipient 1\/1 GN; <\/span><span style=\"font-size: 14.4px\">Echipat cu supap\u0103 de scurgere<\/span><\/p>\n<p>termostat reglabil; Interval de temperatur\u0103 45 &#8211; 90 de grade; Indicatori de temperatur\u0103; St\u0103 pe 4 picioare de cauciuc; Buton de alimentare protejat; Foarte usor de curatat; Pentru containere GN de \u200b\u200bp\u00e2n\u0103 la 150 (h) mm; Standard f\u0103r\u0103 containere GN; Greutate neta: 8 kg; Dimensiuni: H248 x L338 x D540 mm; Conexiune: 230V\/50Hz\/1 faza 1200 W.<\/p>\n","protected":false},"featured_media":30921,"template":"","meta":[],"_links":{"self":[{"href":"https:\/\/evotek.md\/ro\/wp-json\/wp\/v2\/product\/30931"}],"collection":[{"href":"https:\/\/evotek.md\/ro\/wp-json\/wp\/v2\/product"}],"about":[{"href":"https:\/\/evotek.md\/ro\/wp-json\/wp\/v2\/types\/product"}],"wp:featuredmedia":[{"embeddable":true,"href":"https:\/\/evotek.md\/ro\/wp-json\/wp\/v2\/media\/30921"}],"wp:attachment":[{"href":"https:\/\/evotek.md\/ro\/wp-json\/wp\/v2\/media?parent=30931"}],"curies":[{"name":"wp","href":"https:\/\/api.w.org\/{rel}","templated":true}]}}