{"id":30904,"date":"2022-06-06T09:49:52","date_gmt":"2022-06-06T09:49:52","guid":{"rendered":"https:\/\/evotek.md\/produse\/fara-categorie\/malaxor-spiral-8-l-msm-8-m-09361008\/"},"modified":"2023-03-29T12:21:54","modified_gmt":"2023-03-29T12:21:54","slug":"malaxor-spiral-8-l-msm-8-m-09361008","status":"publish","type":"product","link":"https:\/\/evotek.md\/ro\/produse\/echipamente-electromecanice\/mixer-aluat\/malaxor-spiral-8-l-msm-8-m-09361008\/","title":{"rendered":"MALAXOR CU BOL FIXAT, 8 LITRI -M-09361008"},"content":{"rendered":"<p><strong>MALAXOR CU BOL FIXAT, 8 LITRI -M-09361008-<\/strong> Malaxorul spiral pentru aluat are un motor foarte puternic, fr\u0103m\u00e2nt\u0103 cu spiral\u0103 din metal cu un strat durabil. Acest malaxor spiral este echipat cu un \u00eentrerup\u0103tor de siguran\u021b\u0103. Se sprijin\u0103 pe patru picioare de cauciuc care sunt u\u0219or de cur\u0103\u021bat. Framantatorul spiralat cantareste 36 kg si are 385 mm inaltime, 302 mm latime si 495 mm adancime.<\/p>\n<p>Caracteristici<br \/>\nMixer de aluat cu motor foarte puternic<br \/>\nAc\u021bionat de curele trapezoidale<br \/>\nCarcas\u0103 metalic\u0103 cu acoperire durabil\u0103<br \/>\nBol inox 8,0 l \u00f8 21 x 16,5 (h) cm<br \/>\nVasul nu este detasabil<br \/>\nAx\u0103 \u0219i spiral\u0103 din o\u021bel inoxidabil<br \/>\nViteza spirala: 159 rpm<br \/>\nViteza bolului: 21 rpm.<br \/>\nEchipat cu un cronometru de p\u00e2n\u0103 la 60 de minute \u0219i mod manual.<br \/>\nMaxim. cantitatea de faina: 3 kg<br \/>\nMaxim. cantitate de aluat: 4,5 kg<br \/>\nMin. cantitate de faina: 1,5 kg<br \/>\nCarcasa metalica de protectie<br \/>\nCu \u00eentrerup\u0103tor de siguran\u021b\u0103<br \/>\nSt\u0103 pe patru picioare de cauciuc<br \/>\nUsor de curatat<br \/>\nGreutate neta: 36 kg<br \/>\nDimensiuni: L302 x D495 x H385 mm<br \/>\nConexiune: 230V\/50Hz\/1 faza 450W<\/p>\n","protected":false},"excerpt":{"rendered":"<p>Malaxor spiral 8 litri. Mixer de aluat cu motor foarte puternic; Ac\u021bionat de curele trapezoidale; Carcas\u0103 metalic\u0103 cu acoperire durabil\u0103; Bol inox 8,0 l \u00f8 21 x 16,5 (h) cm; Vasul nu este detasabil; Ax\u0103 \u0219i spiral\u0103 din o\u021bel inoxidabil; Viteza spirala: 159 rpm; Viteza bolului: 21 rpm.; Echipat cu un cronometru de p\u00e2n\u0103 la 60 de minute \u0219i mod manual; Maxim. cantitatea de faina: 3 kg; Maxim. cantitate de aluat: 4,5 kg; Min. cantitate de faina: 1,5 kg; Carcasa metalica de protectie; Cu \u00eentrerup\u0103tor de siguran\u021b\u0103; St\u0103 pe patru picioare de cauciuc; Usor de curatat; Greutate neta: 36 kg; Dimensiuni: L302 x D495 x H385 mm; Conexiune: 230V\/50Hz\/1 faza 450W.<\/p>\n","protected":false},"featured_media":30885,"template":"","meta":[],"_links":{"self":[{"href":"https:\/\/evotek.md\/ro\/wp-json\/wp\/v2\/product\/30904"}],"collection":[{"href":"https:\/\/evotek.md\/ro\/wp-json\/wp\/v2\/product"}],"about":[{"href":"https:\/\/evotek.md\/ro\/wp-json\/wp\/v2\/types\/product"}],"wp:featuredmedia":[{"embeddable":true,"href":"https:\/\/evotek.md\/ro\/wp-json\/wp\/v2\/media\/30885"}],"wp:attachment":[{"href":"https:\/\/evotek.md\/ro\/wp-json\/wp\/v2\/media?parent=30904"}],"curies":[{"name":"wp","href":"https:\/\/api.w.org\/{rel}","templated":true}]}}