{"id":3086,"date":"2020-02-26T15:14:59","date_gmt":"2020-02-26T15:15:59","guid":{"rendered":"https:\/\/evotek.md\/?post_type=product&#038;p=3086"},"modified":"2023-03-09T09:18:58","modified_gmt":"2023-03-09T09:18:58","slug":"masina-automata-de-umplut-carnati-hkn-ish5","status":"publish","type":"product","link":"https:\/\/evotek.md\/ro\/produse\/echipamente-electromecanice\/masina-de-umplut-carnati\/masina-automata-de-umplut-carnati-hkn-ish5\/","title":{"rendered":"MASINA DE UMPLUT CARNATI, MANUALA, 5 LITRI (orizontal) -HKN-ISH5"},"content":{"rendered":"<p><strong>MASINA DE UMPLUT CARNATI, MANUALA, 5 LITRI (orizontal) -HKN-ISH5-<\/strong> Este destinat form\u0103rii c\u00e2rna\u021bilor folosind carne tocat\u0103 preparat\u0103. Toate elementele de baz\u0103 sunt fabricate din inox de \u00eenalt\u0103 calitate. Capacitatea recipientului pentru carne tocat\u0103, de asemenea din o\u021bel inoxidabil, este de 5 de litri. Include 4 duze din inox cu diametre: 38, 32, 22 \u0219i 16 mm. Control manual, orizontal. Ideal pentru a fi utilizat \u00een buc\u0103t\u0103riile casnice sau profesionale ale hotelurilor, restaurantelor \u0219i cantinelor.<\/p>\n<p>Caracteristici<\/p>\n<p>Brand Hurakan<\/p>\n<p>Parametri: 160\u0445500\u0445183 mm<\/p>\n<p>Putere: 10, 5 kW<\/p>\n<p>Greutate net\u0103: 54 kg<\/p>\n<p>&nbsp;<\/p>\n","protected":false},"excerpt":{"rendered":"<p>Ma\u0219in\u0103 de umplut c\u00e2rna\u021bi, cu capacitatea recipientului pentru carne tocat\u0103 de 5 litri. Modelul are dimensiuni de 160\u0445500\u0445183 mm. Puterea este de 10,5 kW. Greutate &#8211; 54 kg.<\/p>\n<p>&nbsp;<\/p>\n","protected":false},"featured_media":35854,"template":"","meta":[],"_links":{"self":[{"href":"https:\/\/evotek.md\/ro\/wp-json\/wp\/v2\/product\/3086"}],"collection":[{"href":"https:\/\/evotek.md\/ro\/wp-json\/wp\/v2\/product"}],"about":[{"href":"https:\/\/evotek.md\/ro\/wp-json\/wp\/v2\/types\/product"}],"wp:featuredmedia":[{"embeddable":true,"href":"https:\/\/evotek.md\/ro\/wp-json\/wp\/v2\/media\/35854"}],"wp:attachment":[{"href":"https:\/\/evotek.md\/ro\/wp-json\/wp\/v2\/media?parent=3086"}],"curies":[{"name":"wp","href":"https:\/\/api.w.org\/{rel}","templated":true}]}}