{"id":30854,"date":"2022-05-24T13:51:54","date_gmt":"2022-05-24T13:51:54","guid":{"rendered":"https:\/\/evotek.md\/produse\/fara-categorie\/cuptor-electric-pentru-pizza-84-kw-mec-kl44-66\/"},"modified":"2022-06-03T11:00:51","modified_gmt":"2022-06-03T11:00:51","slug":"cuptor-electric-pentru-pizza-84-kw-mec-kl44-66","status":"publish","type":"product","link":"https:\/\/evotek.md\/ro\/produse\/echipamente-termice\/cuptoare-pentru-pizza-cuptoare\/cuptor-electric-pentru-pizza-84-kw-mec-kl44-66\/","title":{"rendered":"CUPTOR ELECTRIC PENTRU PIZZA 4+4 PIZZA &#8211; 8,4 kW MEC -KL44\/66"},"content":{"rendered":"<p><strong>CUPTOR ELECTRIC PENTRU PIZZA 4+4 PIZZA &#8211; 8,4 kW MEC -KL44\/66-<\/strong> se foloseste in catering si comert pentru coacerea pizza sau paine.<\/p>\n<p><strong>Particularitati:<\/strong><br \/>\nStructur\u0103 din o\u021bel inoxidabil<br \/>\nLumina interioar\u0103<br \/>\nSenzor de temperatur\u0103 pe fiecare camer\u0103 de coacere<br \/>\nSuprafa\u021b\u0103 de copt refractar\u0103 de calitate alimentar\u0103<br \/>\n2 termostate per camera de coacere<br \/>\nElemente de \u00eenc\u0103lzire blindate<\/p>\n<p><strong>Caracteristici<\/strong><br \/>\nNivele: 2<br \/>\nTemperatura maxima de functionare: 500 \u00b0C<br \/>\nConexiune: 8,4 kW<br \/>\nGreutate: 123 kg<br \/>\nDimensiune exterioara: 900x785x750 mm<br \/>\nDimensiune interioara: 660x660x140 mm<br \/>\nPizza: \u00d8 33<br \/>\nCapacitate pizza: 8<\/p>\n","protected":false},"excerpt":{"rendered":"<p>Cuptor electric pentru pizza cu doua nivele; Temperatura maxima de functionare: 500 \u00b0C; Conexiune: 8,4 kW; Greutate: 123 kg; Dimensiune exterioara: 900x785x750 mm; Dimensiune interioara: 660x660x140 mm; Pizza: \u00d8 33; Capacitate pizza: 8.<\/p>\n","protected":false},"featured_media":30853,"template":"","meta":[],"_links":{"self":[{"href":"https:\/\/evotek.md\/ro\/wp-json\/wp\/v2\/product\/30854"}],"collection":[{"href":"https:\/\/evotek.md\/ro\/wp-json\/wp\/v2\/product"}],"about":[{"href":"https:\/\/evotek.md\/ro\/wp-json\/wp\/v2\/types\/product"}],"wp:featuredmedia":[{"embeddable":true,"href":"https:\/\/evotek.md\/ro\/wp-json\/wp\/v2\/media\/30853"}],"wp:attachment":[{"href":"https:\/\/evotek.md\/ro\/wp-json\/wp\/v2\/media?parent=30854"}],"curies":[{"name":"wp","href":"https:\/\/api.w.org\/{rel}","templated":true}]}}